{"id":1101,"date":"2024-05-24T00:04:41","date_gmt":"2024-05-24T00:04:41","guid":{"rendered":"https:\/\/www.lubmaster.com.br\/site\/?post_type=product&#038;p=1101"},"modified":"2025-05-28T18:18:38","modified_gmt":"2025-05-28T18:18:38","slug":"master-lm","status":"publish","type":"product","link":"https:\/\/www.lubmaster.com.br\/site\/produto\/master-lm\/","title":{"rendered":"MASTER LM"},"content":{"rendered":"<p><strong>Desempenho superior para a sua produ\u00e7\u00e3o t\u00eaxtil<\/strong><\/p>\n<p>O MASTER LM \u00e9 um \u00f3leo para malharia\u00a0um lubrificante de alta performance desenvolvido especialmente para a lubrifica\u00e7\u00e3o de agulhas e platinas em m\u00e1quinas de malharia e teares circulares.<\/p>\n<p>O \u00f3leo para malharia\u00a0\u00e9 formulado com aditivos de \u00faltima gera\u00e7\u00e3o e livre de nonilfenol, o MASTER LM proporciona uma lubrifica\u00e7\u00e3o eficiente, segura e sustent\u00e1vel. Seu uso garante o bom funcionamento das m\u00e1quinas, prolonga a vida \u00fatil dos componentes e contribui para a excel\u00eancia da produ\u00e7\u00e3o.<\/p>\n<p>Reduz significativamente o atrito entre as agulhas e o cilindro, minimizando o desgaste e aumentando a durabilidade das pe\u00e7as m\u00f3veis.\u00a0Ideal para\u00a0m\u00e1quinas de malharia circular.<\/p>\n<p><strong>Embalagens dispon\u00edveis:<\/strong><br \/>\n&#8211; Balde de 20 litros<br \/>\n&#8211; Tambor de 200 litros<br \/>\n&#8211; Container de 1000 litros<\/p>\n","protected":false},"excerpt":{"rendered":"<p>O MASTER LM \u00e9 um \u00f3leo para malharia\u00a0um lubrificante de alta performance desenvolvido especialmente para a lubrifica\u00e7\u00e3o de agulhas e platinas em m\u00e1quinas de malharia e teares circulares.<\/p>\n","protected":false},"featured_media":1100,"comment_status":"open","ping_status":"closed","template":"","meta":[],"product_brand":[],"product_cat":[42,27],"product_tag":[],"class_list":{"0":"post-1101","1":"product","2":"type-product","3":"status-publish","4":"has-post-thumbnail","6":"product_cat-malharia-circular","7":"product_cat-textil","9":"first","10":"instock","11":"shipping-taxable","12":"product-type-simple"},"yoast_head":"<!-- This site is optimized with the Yoast SEO plugin v26.6 - https:\/\/yoast.com\/wordpress\/plugins\/seo\/ -->\n<title>MASTER LM - Lubmaster<\/title>\n<meta name=\"description\" content=\"O MASTER LM \u00e9 um \u00f3leo para malharia\u00a0um lubrificante de alta performance desenvolvido especialmente para a lubrifica\u00e7\u00e3o de agulhas e platinas em m\u00e1quinas de malharia e teares circulares.\" \/>\n<meta name=\"robots\" content=\"index, follow, max-snippet:-1, max-image-preview:large, max-video-preview:-1\" \/>\n<link rel=\"canonical\" href=\"https:\/\/www.lubmaster.com.br\/site\/produto\/master-lm\/\" \/>\n<meta property=\"og:locale\" content=\"pt_BR\" \/>\n<meta property=\"og:type\" content=\"article\" \/>\n<meta property=\"og:title\" content=\"MASTER LM - Lubmaster\" \/>\n<meta property=\"og:description\" content=\"O MASTER LM \u00e9 um \u00f3leo para malharia\u00a0um lubrificante de alta performance desenvolvido especialmente para a lubrifica\u00e7\u00e3o de agulhas e platinas em m\u00e1quinas de malharia e teares circulares.\" \/>\n<meta property=\"og:url\" content=\"https:\/\/www.lubmaster.com.br\/site\/produto\/master-lm\/\" \/>\n<meta property=\"og:site_name\" content=\"Lubmaster\" \/>\n<meta property=\"article:modified_time\" content=\"2025-05-28T18:18:38+00:00\" \/>\n<meta property=\"og:image\" content=\"https:\/\/www.lubmaster.com.br\/site\/wp-content\/uploads\/2024\/05\/MALHARIA.jpg\" \/>\n\t<meta property=\"og:image:width\" content=\"300\" \/>\n\t<meta property=\"og:image:height\" content=\"300\" \/>\n\t<meta property=\"og:image:type\" content=\"image\/jpeg\" \/>\n<meta name=\"twitter:card\" content=\"summary_large_image\" \/>\n<meta name=\"twitter:label1\" content=\"Est. tempo de leitura\" \/>\n\t<meta name=\"twitter:data1\" content=\"1 minuto\" \/>\n<script type=\"application\/ld+json\" class=\"yoast-schema-graph\">{\"@context\":\"https:\/\/schema.org\",\"@graph\":[{\"@type\":\"WebPage\",\"@id\":\"https:\/\/www.lubmaster.com.br\/site\/produto\/master-lm\/\",\"url\":\"https:\/\/www.lubmaster.com.br\/site\/produto\/master-lm\/\",\"name\":\"MASTER LM - Lubmaster\",\"isPartOf\":{\"@id\":\"https:\/\/www.lubmaster.com.br\/site\/#website\"},\"primaryImageOfPage\":{\"@id\":\"https:\/\/www.lubmaster.com.br\/site\/produto\/master-lm\/#primaryimage\"},\"image\":{\"@id\":\"https:\/\/www.lubmaster.com.br\/site\/produto\/master-lm\/#primaryimage\"},\"thumbnailUrl\":\"https:\/\/www.lubmaster.com.br\/site\/wp-content\/uploads\/2024\/05\/MALHARIA.jpg\",\"datePublished\":\"2024-05-24T00:04:41+00:00\",\"dateModified\":\"2025-05-28T18:18:38+00:00\",\"description\":\"O MASTER LM \u00e9 um \u00f3leo para malharia\u00a0um lubrificante de alta performance desenvolvido especialmente para a lubrifica\u00e7\u00e3o de agulhas e platinas em m\u00e1quinas de malharia e teares circulares.\",\"breadcrumb\":{\"@id\":\"https:\/\/www.lubmaster.com.br\/site\/produto\/master-lm\/#breadcrumb\"},\"inLanguage\":\"pt-BR\",\"potentialAction\":[{\"@type\":\"ReadAction\",\"target\":[\"https:\/\/www.lubmaster.com.br\/site\/produto\/master-lm\/\"]}]},{\"@type\":\"ImageObject\",\"inLanguage\":\"pt-BR\",\"@id\":\"https:\/\/www.lubmaster.com.br\/site\/produto\/master-lm\/#primaryimage\",\"url\":\"https:\/\/www.lubmaster.com.br\/site\/wp-content\/uploads\/2024\/05\/MALHARIA.jpg\",\"contentUrl\":\"https:\/\/www.lubmaster.com.br\/site\/wp-content\/uploads\/2024\/05\/MALHARIA.jpg\",\"width\":300,\"height\":300,\"caption\":\"Industrial weaving installation at the exhibition with white thread\"},{\"@type\":\"BreadcrumbList\",\"@id\":\"https:\/\/www.lubmaster.com.br\/site\/produto\/master-lm\/#breadcrumb\",\"itemListElement\":[{\"@type\":\"ListItem\",\"position\":1,\"name\":\"In\u00edcio\",\"item\":\"https:\/\/www.lubmaster.com.br\/site\/\"},{\"@type\":\"ListItem\",\"position\":2,\"name\":\"Loja\",\"item\":\"https:\/\/www.lubmaster.com.br\/site\/loja\/\"},{\"@type\":\"ListItem\",\"position\":3,\"name\":\"MASTER LM\"}]},{\"@type\":\"WebSite\",\"@id\":\"https:\/\/www.lubmaster.com.br\/site\/#website\",\"url\":\"https:\/\/www.lubmaster.com.br\/site\/\",\"name\":\"Lubmaster\",\"description\":\"\",\"publisher\":{\"@id\":\"https:\/\/www.lubmaster.com.br\/site\/#organization\"},\"alternateName\":\"Refer\u00eancia em lubrificantes industriais\",\"potentialAction\":[{\"@type\":\"SearchAction\",\"target\":{\"@type\":\"EntryPoint\",\"urlTemplate\":\"https:\/\/www.lubmaster.com.br\/site\/?s={search_term_string}\"},\"query-input\":{\"@type\":\"PropertyValueSpecification\",\"valueRequired\":true,\"valueName\":\"search_term_string\"}}],\"inLanguage\":\"pt-BR\"},{\"@type\":\"Organization\",\"@id\":\"https:\/\/www.lubmaster.com.br\/site\/#organization\",\"name\":\"Lubmaster\",\"alternateName\":\"Refer\u00eancia em lubrificantes industriais\",\"url\":\"https:\/\/www.lubmaster.com.br\/site\/\",\"logo\":{\"@type\":\"ImageObject\",\"inLanguage\":\"pt-BR\",\"@id\":\"https:\/\/www.lubmaster.com.br\/site\/#\/schema\/logo\/image\/\",\"url\":\"https:\/\/www.lubmaster.com.br\/site\/wp-content\/uploads\/2024\/05\/cropped-favicon.png\",\"contentUrl\":\"https:\/\/www.lubmaster.com.br\/site\/wp-content\/uploads\/2024\/05\/cropped-favicon.png\",\"width\":512,\"height\":512,\"caption\":\"Lubmaster\"},\"image\":{\"@id\":\"https:\/\/www.lubmaster.com.br\/site\/#\/schema\/logo\/image\/\"},\"sameAs\":[\"https:\/\/www.linkedin.com\/company\/lubmaster-produtos-especiais-ltda.\/posts\/?feedView=all\",\"https:\/\/www.instagram.com\/lubmaster.lubrificantes\/\"]}]}<\/script>\n<!-- \/ Yoast SEO plugin. -->","yoast_head_json":{"title":"MASTER LM - Lubmaster","description":"O MASTER LM \u00e9 um \u00f3leo para malharia\u00a0um lubrificante de alta performance desenvolvido especialmente para a lubrifica\u00e7\u00e3o de agulhas e platinas em m\u00e1quinas de malharia e teares circulares.","robots":{"index":"index","follow":"follow","max-snippet":"max-snippet:-1","max-image-preview":"max-image-preview:large","max-video-preview":"max-video-preview:-1"},"canonical":"https:\/\/www.lubmaster.com.br\/site\/produto\/master-lm\/","og_locale":"pt_BR","og_type":"article","og_title":"MASTER LM - Lubmaster","og_description":"O MASTER LM \u00e9 um \u00f3leo para malharia\u00a0um lubrificante de alta performance desenvolvido especialmente para a lubrifica\u00e7\u00e3o de agulhas e platinas em m\u00e1quinas de malharia e teares circulares.","og_url":"https:\/\/www.lubmaster.com.br\/site\/produto\/master-lm\/","og_site_name":"Lubmaster","article_modified_time":"2025-05-28T18:18:38+00:00","og_image":[{"width":300,"height":300,"url":"https:\/\/www.lubmaster.com.br\/site\/wp-content\/uploads\/2024\/05\/MALHARIA.jpg","type":"image\/jpeg"}],"twitter_card":"summary_large_image","twitter_misc":{"Est. tempo de leitura":"1 minuto"},"schema":{"@context":"https:\/\/schema.org","@graph":[{"@type":"WebPage","@id":"https:\/\/www.lubmaster.com.br\/site\/produto\/master-lm\/","url":"https:\/\/www.lubmaster.com.br\/site\/produto\/master-lm\/","name":"MASTER LM - Lubmaster","isPartOf":{"@id":"https:\/\/www.lubmaster.com.br\/site\/#website"},"primaryImageOfPage":{"@id":"https:\/\/www.lubmaster.com.br\/site\/produto\/master-lm\/#primaryimage"},"image":{"@id":"https:\/\/www.lubmaster.com.br\/site\/produto\/master-lm\/#primaryimage"},"thumbnailUrl":"https:\/\/www.lubmaster.com.br\/site\/wp-content\/uploads\/2024\/05\/MALHARIA.jpg","datePublished":"2024-05-24T00:04:41+00:00","dateModified":"2025-05-28T18:18:38+00:00","description":"O MASTER LM \u00e9 um \u00f3leo para malharia\u00a0um lubrificante de alta performance desenvolvido especialmente para a lubrifica\u00e7\u00e3o de agulhas e platinas em m\u00e1quinas de malharia e teares circulares.","breadcrumb":{"@id":"https:\/\/www.lubmaster.com.br\/site\/produto\/master-lm\/#breadcrumb"},"inLanguage":"pt-BR","potentialAction":[{"@type":"ReadAction","target":["https:\/\/www.lubmaster.com.br\/site\/produto\/master-lm\/"]}]},{"@type":"ImageObject","inLanguage":"pt-BR","@id":"https:\/\/www.lubmaster.com.br\/site\/produto\/master-lm\/#primaryimage","url":"https:\/\/www.lubmaster.com.br\/site\/wp-content\/uploads\/2024\/05\/MALHARIA.jpg","contentUrl":"https:\/\/www.lubmaster.com.br\/site\/wp-content\/uploads\/2024\/05\/MALHARIA.jpg","width":300,"height":300,"caption":"Industrial weaving installation at the exhibition with white thread"},{"@type":"BreadcrumbList","@id":"https:\/\/www.lubmaster.com.br\/site\/produto\/master-lm\/#breadcrumb","itemListElement":[{"@type":"ListItem","position":1,"name":"In\u00edcio","item":"https:\/\/www.lubmaster.com.br\/site\/"},{"@type":"ListItem","position":2,"name":"Loja","item":"https:\/\/www.lubmaster.com.br\/site\/loja\/"},{"@type":"ListItem","position":3,"name":"MASTER LM"}]},{"@type":"WebSite","@id":"https:\/\/www.lubmaster.com.br\/site\/#website","url":"https:\/\/www.lubmaster.com.br\/site\/","name":"Lubmaster","description":"","publisher":{"@id":"https:\/\/www.lubmaster.com.br\/site\/#organization"},"alternateName":"Refer\u00eancia em lubrificantes industriais","potentialAction":[{"@type":"SearchAction","target":{"@type":"EntryPoint","urlTemplate":"https:\/\/www.lubmaster.com.br\/site\/?s={search_term_string}"},"query-input":{"@type":"PropertyValueSpecification","valueRequired":true,"valueName":"search_term_string"}}],"inLanguage":"pt-BR"},{"@type":"Organization","@id":"https:\/\/www.lubmaster.com.br\/site\/#organization","name":"Lubmaster","alternateName":"Refer\u00eancia em lubrificantes industriais","url":"https:\/\/www.lubmaster.com.br\/site\/","logo":{"@type":"ImageObject","inLanguage":"pt-BR","@id":"https:\/\/www.lubmaster.com.br\/site\/#\/schema\/logo\/image\/","url":"https:\/\/www.lubmaster.com.br\/site\/wp-content\/uploads\/2024\/05\/cropped-favicon.png","contentUrl":"https:\/\/www.lubmaster.com.br\/site\/wp-content\/uploads\/2024\/05\/cropped-favicon.png","width":512,"height":512,"caption":"Lubmaster"},"image":{"@id":"https:\/\/www.lubmaster.com.br\/site\/#\/schema\/logo\/image\/"},"sameAs":["https:\/\/www.linkedin.com\/company\/lubmaster-produtos-especiais-ltda.\/posts\/?feedView=all","https:\/\/www.instagram.com\/lubmaster.lubrificantes\/"]}]}},"_links":{"self":[{"href":"https:\/\/www.lubmaster.com.br\/site\/wp-json\/wp\/v2\/product\/1101","targetHints":{"allow":["GET"]}}],"collection":[{"href":"https:\/\/www.lubmaster.com.br\/site\/wp-json\/wp\/v2\/product"}],"about":[{"href":"https:\/\/www.lubmaster.com.br\/site\/wp-json\/wp\/v2\/types\/product"}],"replies":[{"embeddable":true,"href":"https:\/\/www.lubmaster.com.br\/site\/wp-json\/wp\/v2\/comments?post=1101"}],"wp:featuredmedia":[{"embeddable":true,"href":"https:\/\/www.lubmaster.com.br\/site\/wp-json\/wp\/v2\/media\/1100"}],"wp:attachment":[{"href":"https:\/\/www.lubmaster.com.br\/site\/wp-json\/wp\/v2\/media?parent=1101"}],"wp:term":[{"taxonomy":"product_brand","embeddable":true,"href":"https:\/\/www.lubmaster.com.br\/site\/wp-json\/wp\/v2\/product_brand?post=1101"},{"taxonomy":"product_cat","embeddable":true,"href":"https:\/\/www.lubmaster.com.br\/site\/wp-json\/wp\/v2\/product_cat?post=1101"},{"taxonomy":"product_tag","embeddable":true,"href":"https:\/\/www.lubmaster.com.br\/site\/wp-json\/wp\/v2\/product_tag?post=1101"}],"curies":[{"name":"wp","href":"https:\/\/api.w.org\/{rel}","templated":true}]}}