{"id":1109,"date":"2024-05-24T00:15:33","date_gmt":"2024-05-24T00:15:33","guid":{"rendered":"https:\/\/www.lubmaster.com.br\/site\/?post_type=product&#038;p=1109"},"modified":"2025-06-26T17:17:50","modified_gmt":"2025-06-26T17:17:50","slug":"top-oil-100-200","status":"publish","type":"product","link":"https:\/\/www.lubmaster.com.br\/site\/produto\/top-oil-100-200\/","title":{"rendered":"TOP OIL 100\/200"},"content":{"rendered":"<p>O <strong>TOP OIL 100\/200<\/strong> \u00e9 um lubrificante incolor de alta qualidade, desenvolvido especialmente para atender \u00e0 lubrifica\u00e7\u00e3o de m\u00e1quinas de meias, parte essencial da ind\u00fastria da m\u00e1quina t\u00eaxtil. Formulado com \u00f3leos minerais tratados, oferece excelente estabilidade t\u00e9rmica e qu\u00edmica\u00a0para a m\u00e1quina t\u00eaxtil.<\/p>\n<p>Este lubrificante proporciona \u00f3timo desempenho contra respingos, excelente prote\u00e7\u00e3o contra desgaste, menor varia\u00e7\u00e3o de viscosidade em diferentes temperaturas e maior resist\u00eancia \u00e0 oxida\u00e7\u00e3o, assegurando a durabilidade e efici\u00eancia dos equipamentos. Possui agentes eficazes que reduzem o desgaste das agulhas e platinas, al\u00e9m de inibir a corros\u00e3o das pe\u00e7as lubrificadas da m\u00e1quina t\u00eaxtil.<\/p>\n<p>Embalagens dispon\u00edveis:<br \/>\n&#8211; Balde de 20 litros<br \/>\n&#8211; Tambor de 200 litros<br \/>\n&#8211; Container de 1000 litros<\/p>\n","protected":false},"excerpt":{"rendered":"<p>O TOP OIL 100\/200 \u00e9 um lubrificante incolor de alta qualidade, desenvolvido especialmente para atender \u00e0 lubrifica\u00e7\u00e3o de m\u00e1quinas de meias, parte essencial da ind\u00fastria da m\u00e1quina t\u00eaxtil. Formulado com \u00f3leos minerais tratados, oferece excelente estabilidade t\u00e9rmica e qu\u00edmica\u00a0para a m\u00e1quina t\u00eaxtil. Este lubrificante proporciona \u00f3timo desempenho contra respingos, excelente prote\u00e7\u00e3o contra desgaste, menor varia\u00e7\u00e3o [&hellip;]<\/p>\n","protected":false},"featured_media":1120,"comment_status":"open","ping_status":"closed","template":"","meta":[],"product_brand":[],"product_cat":[43,46,27],"product_tag":[],"class_list":{"0":"post-1109","1":"product","2":"type-product","3":"status-publish","4":"has-post-thumbnail","6":"product_cat-malharia-retilinea","7":"product_cat-maquina-de-meia-ou-sem-costura","8":"product_cat-textil","10":"first","11":"instock","12":"shipping-taxable","13":"product-type-simple"},"yoast_head":"<!-- This site is optimized with the Yoast SEO plugin v26.6 - https:\/\/yoast.com\/wordpress\/plugins\/seo\/ -->\n<title>TOP OIL 100\/200 - Lubmaster<\/title>\n<meta name=\"description\" content=\"O TOP OIL 100\/200 \u00e9 um lubrificante incolor de alta qualidade, desenvolvido especialmente para atender \u00e0 lubrifica\u00e7\u00e3o de m\u00e1quinas de meias, parte essencial da ind\u00fastria da m\u00e1quina t\u00eaxtil.\" \/>\n<meta name=\"robots\" content=\"index, follow, max-snippet:-1, max-image-preview:large, max-video-preview:-1\" \/>\n<link rel=\"canonical\" href=\"https:\/\/www.lubmaster.com.br\/site\/produto\/top-oil-100-200\/\" \/>\n<meta property=\"og:locale\" content=\"pt_BR\" \/>\n<meta property=\"og:type\" content=\"article\" \/>\n<meta property=\"og:title\" content=\"TOP OIL 100\/200 - Lubmaster\" \/>\n<meta property=\"og:description\" content=\"O TOP OIL 100\/200 \u00e9 um lubrificante incolor de alta qualidade, desenvolvido especialmente para atender \u00e0 lubrifica\u00e7\u00e3o de m\u00e1quinas de meias, parte essencial da ind\u00fastria da m\u00e1quina t\u00eaxtil.\" \/>\n<meta property=\"og:url\" content=\"https:\/\/www.lubmaster.com.br\/site\/produto\/top-oil-100-200\/\" \/>\n<meta property=\"og:site_name\" content=\"Lubmaster\" \/>\n<meta property=\"article:modified_time\" content=\"2025-06-26T17:17:50+00:00\" \/>\n<meta property=\"og:image\" content=\"https:\/\/www.lubmaster.com.br\/site\/wp-content\/uploads\/2024\/05\/maq-meia-2.jpg\" \/>\n\t<meta property=\"og:image:width\" content=\"488\" \/>\n\t<meta property=\"og:image:height\" content=\"486\" \/>\n\t<meta property=\"og:image:type\" content=\"image\/jpeg\" \/>\n<meta name=\"twitter:card\" content=\"summary_large_image\" \/>\n<meta name=\"twitter:label1\" content=\"Est. tempo de leitura\" \/>\n\t<meta name=\"twitter:data1\" content=\"1 minuto\" \/>\n<script type=\"application\/ld+json\" class=\"yoast-schema-graph\">{\"@context\":\"https:\/\/schema.org\",\"@graph\":[{\"@type\":\"WebPage\",\"@id\":\"https:\/\/www.lubmaster.com.br\/site\/produto\/top-oil-100-200\/\",\"url\":\"https:\/\/www.lubmaster.com.br\/site\/produto\/top-oil-100-200\/\",\"name\":\"TOP OIL 100\/200 - Lubmaster\",\"isPartOf\":{\"@id\":\"https:\/\/www.lubmaster.com.br\/site\/#website\"},\"primaryImageOfPage\":{\"@id\":\"https:\/\/www.lubmaster.com.br\/site\/produto\/top-oil-100-200\/#primaryimage\"},\"image\":{\"@id\":\"https:\/\/www.lubmaster.com.br\/site\/produto\/top-oil-100-200\/#primaryimage\"},\"thumbnailUrl\":\"https:\/\/www.lubmaster.com.br\/site\/wp-content\/uploads\/2024\/05\/maq-meia-2.jpg\",\"datePublished\":\"2024-05-24T00:15:33+00:00\",\"dateModified\":\"2025-06-26T17:17:50+00:00\",\"description\":\"O TOP OIL 100\/200 \u00e9 um lubrificante incolor de alta qualidade, desenvolvido especialmente para atender \u00e0 lubrifica\u00e7\u00e3o de m\u00e1quinas de meias, parte essencial da ind\u00fastria da m\u00e1quina t\u00eaxtil.\",\"breadcrumb\":{\"@id\":\"https:\/\/www.lubmaster.com.br\/site\/produto\/top-oil-100-200\/#breadcrumb\"},\"inLanguage\":\"pt-BR\",\"potentialAction\":[{\"@type\":\"ReadAction\",\"target\":[\"https:\/\/www.lubmaster.com.br\/site\/produto\/top-oil-100-200\/\"]}]},{\"@type\":\"ImageObject\",\"inLanguage\":\"pt-BR\",\"@id\":\"https:\/\/www.lubmaster.com.br\/site\/produto\/top-oil-100-200\/#primaryimage\",\"url\":\"https:\/\/www.lubmaster.com.br\/site\/wp-content\/uploads\/2024\/05\/maq-meia-2.jpg\",\"contentUrl\":\"https:\/\/www.lubmaster.com.br\/site\/wp-content\/uploads\/2024\/05\/maq-meia-2.jpg\",\"width\":488,\"height\":486},{\"@type\":\"BreadcrumbList\",\"@id\":\"https:\/\/www.lubmaster.com.br\/site\/produto\/top-oil-100-200\/#breadcrumb\",\"itemListElement\":[{\"@type\":\"ListItem\",\"position\":1,\"name\":\"In\u00edcio\",\"item\":\"https:\/\/www.lubmaster.com.br\/site\/\"},{\"@type\":\"ListItem\",\"position\":2,\"name\":\"Loja\",\"item\":\"https:\/\/www.lubmaster.com.br\/site\/loja\/\"},{\"@type\":\"ListItem\",\"position\":3,\"name\":\"TOP OIL 100\/200\"}]},{\"@type\":\"WebSite\",\"@id\":\"https:\/\/www.lubmaster.com.br\/site\/#website\",\"url\":\"https:\/\/www.lubmaster.com.br\/site\/\",\"name\":\"Lubmaster\",\"description\":\"\",\"publisher\":{\"@id\":\"https:\/\/www.lubmaster.com.br\/site\/#organization\"},\"alternateName\":\"Refer\u00eancia em lubrificantes industriais\",\"potentialAction\":[{\"@type\":\"SearchAction\",\"target\":{\"@type\":\"EntryPoint\",\"urlTemplate\":\"https:\/\/www.lubmaster.com.br\/site\/?s={search_term_string}\"},\"query-input\":{\"@type\":\"PropertyValueSpecification\",\"valueRequired\":true,\"valueName\":\"search_term_string\"}}],\"inLanguage\":\"pt-BR\"},{\"@type\":\"Organization\",\"@id\":\"https:\/\/www.lubmaster.com.br\/site\/#organization\",\"name\":\"Lubmaster\",\"alternateName\":\"Refer\u00eancia em lubrificantes industriais\",\"url\":\"https:\/\/www.lubmaster.com.br\/site\/\",\"logo\":{\"@type\":\"ImageObject\",\"inLanguage\":\"pt-BR\",\"@id\":\"https:\/\/www.lubmaster.com.br\/site\/#\/schema\/logo\/image\/\",\"url\":\"https:\/\/www.lubmaster.com.br\/site\/wp-content\/uploads\/2024\/05\/cropped-favicon.png\",\"contentUrl\":\"https:\/\/www.lubmaster.com.br\/site\/wp-content\/uploads\/2024\/05\/cropped-favicon.png\",\"width\":512,\"height\":512,\"caption\":\"Lubmaster\"},\"image\":{\"@id\":\"https:\/\/www.lubmaster.com.br\/site\/#\/schema\/logo\/image\/\"},\"sameAs\":[\"https:\/\/www.linkedin.com\/company\/lubmaster-produtos-especiais-ltda.\/posts\/?feedView=all\",\"https:\/\/www.instagram.com\/lubmaster.lubrificantes\/\"]}]}<\/script>\n<!-- \/ Yoast SEO plugin. -->","yoast_head_json":{"title":"TOP OIL 100\/200 - Lubmaster","description":"O TOP OIL 100\/200 \u00e9 um lubrificante incolor de alta qualidade, desenvolvido especialmente para atender \u00e0 lubrifica\u00e7\u00e3o de m\u00e1quinas de meias, parte essencial da ind\u00fastria da m\u00e1quina t\u00eaxtil.","robots":{"index":"index","follow":"follow","max-snippet":"max-snippet:-1","max-image-preview":"max-image-preview:large","max-video-preview":"max-video-preview:-1"},"canonical":"https:\/\/www.lubmaster.com.br\/site\/produto\/top-oil-100-200\/","og_locale":"pt_BR","og_type":"article","og_title":"TOP OIL 100\/200 - Lubmaster","og_description":"O TOP OIL 100\/200 \u00e9 um lubrificante incolor de alta qualidade, desenvolvido especialmente para atender \u00e0 lubrifica\u00e7\u00e3o de m\u00e1quinas de meias, parte essencial da ind\u00fastria da m\u00e1quina t\u00eaxtil.","og_url":"https:\/\/www.lubmaster.com.br\/site\/produto\/top-oil-100-200\/","og_site_name":"Lubmaster","article_modified_time":"2025-06-26T17:17:50+00:00","og_image":[{"width":488,"height":486,"url":"https:\/\/www.lubmaster.com.br\/site\/wp-content\/uploads\/2024\/05\/maq-meia-2.jpg","type":"image\/jpeg"}],"twitter_card":"summary_large_image","twitter_misc":{"Est. tempo de leitura":"1 minuto"},"schema":{"@context":"https:\/\/schema.org","@graph":[{"@type":"WebPage","@id":"https:\/\/www.lubmaster.com.br\/site\/produto\/top-oil-100-200\/","url":"https:\/\/www.lubmaster.com.br\/site\/produto\/top-oil-100-200\/","name":"TOP OIL 100\/200 - Lubmaster","isPartOf":{"@id":"https:\/\/www.lubmaster.com.br\/site\/#website"},"primaryImageOfPage":{"@id":"https:\/\/www.lubmaster.com.br\/site\/produto\/top-oil-100-200\/#primaryimage"},"image":{"@id":"https:\/\/www.lubmaster.com.br\/site\/produto\/top-oil-100-200\/#primaryimage"},"thumbnailUrl":"https:\/\/www.lubmaster.com.br\/site\/wp-content\/uploads\/2024\/05\/maq-meia-2.jpg","datePublished":"2024-05-24T00:15:33+00:00","dateModified":"2025-06-26T17:17:50+00:00","description":"O TOP OIL 100\/200 \u00e9 um lubrificante incolor de alta qualidade, desenvolvido especialmente para atender \u00e0 lubrifica\u00e7\u00e3o de m\u00e1quinas de meias, parte essencial da ind\u00fastria da m\u00e1quina t\u00eaxtil.","breadcrumb":{"@id":"https:\/\/www.lubmaster.com.br\/site\/produto\/top-oil-100-200\/#breadcrumb"},"inLanguage":"pt-BR","potentialAction":[{"@type":"ReadAction","target":["https:\/\/www.lubmaster.com.br\/site\/produto\/top-oil-100-200\/"]}]},{"@type":"ImageObject","inLanguage":"pt-BR","@id":"https:\/\/www.lubmaster.com.br\/site\/produto\/top-oil-100-200\/#primaryimage","url":"https:\/\/www.lubmaster.com.br\/site\/wp-content\/uploads\/2024\/05\/maq-meia-2.jpg","contentUrl":"https:\/\/www.lubmaster.com.br\/site\/wp-content\/uploads\/2024\/05\/maq-meia-2.jpg","width":488,"height":486},{"@type":"BreadcrumbList","@id":"https:\/\/www.lubmaster.com.br\/site\/produto\/top-oil-100-200\/#breadcrumb","itemListElement":[{"@type":"ListItem","position":1,"name":"In\u00edcio","item":"https:\/\/www.lubmaster.com.br\/site\/"},{"@type":"ListItem","position":2,"name":"Loja","item":"https:\/\/www.lubmaster.com.br\/site\/loja\/"},{"@type":"ListItem","position":3,"name":"TOP OIL 100\/200"}]},{"@type":"WebSite","@id":"https:\/\/www.lubmaster.com.br\/site\/#website","url":"https:\/\/www.lubmaster.com.br\/site\/","name":"Lubmaster","description":"","publisher":{"@id":"https:\/\/www.lubmaster.com.br\/site\/#organization"},"alternateName":"Refer\u00eancia em lubrificantes industriais","potentialAction":[{"@type":"SearchAction","target":{"@type":"EntryPoint","urlTemplate":"https:\/\/www.lubmaster.com.br\/site\/?s={search_term_string}"},"query-input":{"@type":"PropertyValueSpecification","valueRequired":true,"valueName":"search_term_string"}}],"inLanguage":"pt-BR"},{"@type":"Organization","@id":"https:\/\/www.lubmaster.com.br\/site\/#organization","name":"Lubmaster","alternateName":"Refer\u00eancia em lubrificantes industriais","url":"https:\/\/www.lubmaster.com.br\/site\/","logo":{"@type":"ImageObject","inLanguage":"pt-BR","@id":"https:\/\/www.lubmaster.com.br\/site\/#\/schema\/logo\/image\/","url":"https:\/\/www.lubmaster.com.br\/site\/wp-content\/uploads\/2024\/05\/cropped-favicon.png","contentUrl":"https:\/\/www.lubmaster.com.br\/site\/wp-content\/uploads\/2024\/05\/cropped-favicon.png","width":512,"height":512,"caption":"Lubmaster"},"image":{"@id":"https:\/\/www.lubmaster.com.br\/site\/#\/schema\/logo\/image\/"},"sameAs":["https:\/\/www.linkedin.com\/company\/lubmaster-produtos-especiais-ltda.\/posts\/?feedView=all","https:\/\/www.instagram.com\/lubmaster.lubrificantes\/"]}]}},"_links":{"self":[{"href":"https:\/\/www.lubmaster.com.br\/site\/wp-json\/wp\/v2\/product\/1109","targetHints":{"allow":["GET"]}}],"collection":[{"href":"https:\/\/www.lubmaster.com.br\/site\/wp-json\/wp\/v2\/product"}],"about":[{"href":"https:\/\/www.lubmaster.com.br\/site\/wp-json\/wp\/v2\/types\/product"}],"replies":[{"embeddable":true,"href":"https:\/\/www.lubmaster.com.br\/site\/wp-json\/wp\/v2\/comments?post=1109"}],"wp:featuredmedia":[{"embeddable":true,"href":"https:\/\/www.lubmaster.com.br\/site\/wp-json\/wp\/v2\/media\/1120"}],"wp:attachment":[{"href":"https:\/\/www.lubmaster.com.br\/site\/wp-json\/wp\/v2\/media?parent=1109"}],"wp:term":[{"taxonomy":"product_brand","embeddable":true,"href":"https:\/\/www.lubmaster.com.br\/site\/wp-json\/wp\/v2\/product_brand?post=1109"},{"taxonomy":"product_cat","embeddable":true,"href":"https:\/\/www.lubmaster.com.br\/site\/wp-json\/wp\/v2\/product_cat?post=1109"},{"taxonomy":"product_tag","embeddable":true,"href":"https:\/\/www.lubmaster.com.br\/site\/wp-json\/wp\/v2\/product_tag?post=1109"}],"curies":[{"name":"wp","href":"https:\/\/api.w.org\/{rel}","templated":true}]}}