{"id":1117,"date":"2024-05-24T00:32:04","date_gmt":"2024-05-24T00:32:04","guid":{"rendered":"https:\/\/www.lubmaster.com.br\/site\/?post_type=product&#038;p=1117"},"modified":"2025-06-26T17:23:13","modified_gmt":"2025-06-26T17:23:13","slug":"top-oil-sp","status":"publish","type":"product","link":"https:\/\/www.lubmaster.com.br\/site\/produto\/top-oil-sp\/","title":{"rendered":"TOP OIL SP"},"content":{"rendered":"<p>O <strong>TOP OIL SP<\/strong> \u00e9 uma linha de \u00f3leos altamente aditivados. Sua formula\u00e7\u00e3o exclusiva garante desempenho superior em sistemas hidr\u00e1ulicos e mancais, sendo ideal para aplica\u00e7\u00f5es que exigem m\u00e1xima efici\u00eancia e prote\u00e7\u00e3o.<\/p>\n<p>Projetado para sistemas hidr\u00e1ulicos, \u00e9 recomendado para bombas hidr\u00e1ulicas de alta press\u00e3o, sistemas de servo-controle, rob\u00f4s industriais, sistemas circulat\u00f3rios de lubrifica\u00e7\u00e3o e redutores de mancais planos e de rolamentos.<\/p>\n<p>Embalagens dispon\u00edveis:<br \/>\n&#8211; Balde de 20 litros<br \/>\n&#8211; Tambor de 200 litros<br \/>\n&#8211; Container de 1000 litros<\/p>\n","protected":false},"excerpt":{"rendered":"<p>O TOP OIL SP \u00e9 uma linha de \u00f3leos altamente aditivados. Sua formula\u00e7\u00e3o exclusiva garante desempenho superior em sistemas hidr\u00e1ulicos e mancais, sendo ideal para aplica\u00e7\u00f5es que exigem m\u00e1xima efici\u00eancia e prote\u00e7\u00e3o. Projetado para sistemas hidr\u00e1ulicos, \u00e9 recomendado para bombas hidr\u00e1ulicas de alta press\u00e3o, sistemas de servo-controle, rob\u00f4s industriais, sistemas circulat\u00f3rios de lubrifica\u00e7\u00e3o e redutores [&hellip;]<\/p>\n","protected":false},"featured_media":1118,"comment_status":"open","ping_status":"closed","template":"","meta":[],"product_brand":[],"product_cat":[47,27],"product_tag":[],"class_list":{"0":"post-1117","1":"product","2":"type-product","3":"status-publish","4":"has-post-thumbnail","6":"product_cat-oleo-para-compressor","7":"product_cat-textil","9":"first","10":"instock","11":"shipping-taxable","12":"product-type-simple"},"yoast_head":"<!-- This site is optimized with the Yoast SEO plugin v26.6 - https:\/\/yoast.com\/wordpress\/plugins\/seo\/ -->\n<title>TOP OIL SP - Lubmaster<\/title>\n<meta name=\"description\" content=\"O TOP OIL SP \u00e9 uma linha de \u00f3leos altamente aditivados. Sua formula\u00e7\u00e3o exclusiva garante desempenho superior em sistemas hidr\u00e1ulicos e mancais.\" \/>\n<meta name=\"robots\" content=\"index, follow, max-snippet:-1, max-image-preview:large, max-video-preview:-1\" \/>\n<link rel=\"canonical\" href=\"https:\/\/www.lubmaster.com.br\/site\/produto\/top-oil-sp\/\" \/>\n<meta property=\"og:locale\" content=\"pt_BR\" \/>\n<meta property=\"og:type\" content=\"article\" \/>\n<meta property=\"og:title\" content=\"TOP OIL SP - Lubmaster\" \/>\n<meta property=\"og:description\" content=\"O TOP OIL SP \u00e9 uma linha de \u00f3leos altamente aditivados. Sua formula\u00e7\u00e3o exclusiva garante desempenho superior em sistemas hidr\u00e1ulicos e mancais.\" \/>\n<meta property=\"og:url\" content=\"https:\/\/www.lubmaster.com.br\/site\/produto\/top-oil-sp\/\" \/>\n<meta property=\"og:site_name\" content=\"Lubmaster\" \/>\n<meta property=\"article:modified_time\" content=\"2025-06-26T17:23:13+00:00\" \/>\n<meta property=\"og:image\" content=\"https:\/\/www.lubmaster.com.br\/site\/wp-content\/uploads\/2024\/05\/top-oil-200S-lubmaster.jpg\" \/>\n\t<meta property=\"og:image:width\" content=\"300\" \/>\n\t<meta property=\"og:image:height\" content=\"300\" \/>\n\t<meta property=\"og:image:type\" content=\"image\/jpeg\" \/>\n<meta name=\"twitter:card\" content=\"summary_large_image\" \/>\n<script type=\"application\/ld+json\" class=\"yoast-schema-graph\">{\"@context\":\"https:\/\/schema.org\",\"@graph\":[{\"@type\":\"WebPage\",\"@id\":\"https:\/\/www.lubmaster.com.br\/site\/produto\/top-oil-sp\/\",\"url\":\"https:\/\/www.lubmaster.com.br\/site\/produto\/top-oil-sp\/\",\"name\":\"TOP OIL SP - Lubmaster\",\"isPartOf\":{\"@id\":\"https:\/\/www.lubmaster.com.br\/site\/#website\"},\"primaryImageOfPage\":{\"@id\":\"https:\/\/www.lubmaster.com.br\/site\/produto\/top-oil-sp\/#primaryimage\"},\"image\":{\"@id\":\"https:\/\/www.lubmaster.com.br\/site\/produto\/top-oil-sp\/#primaryimage\"},\"thumbnailUrl\":\"https:\/\/www.lubmaster.com.br\/site\/wp-content\/uploads\/2024\/05\/top-oil-200S-lubmaster.jpg\",\"datePublished\":\"2024-05-24T00:32:04+00:00\",\"dateModified\":\"2025-06-26T17:23:13+00:00\",\"description\":\"O TOP OIL SP \u00e9 uma linha de \u00f3leos altamente aditivados. Sua formula\u00e7\u00e3o exclusiva garante desempenho superior em sistemas hidr\u00e1ulicos e mancais.\",\"breadcrumb\":{\"@id\":\"https:\/\/www.lubmaster.com.br\/site\/produto\/top-oil-sp\/#breadcrumb\"},\"inLanguage\":\"pt-BR\",\"potentialAction\":[{\"@type\":\"ReadAction\",\"target\":[\"https:\/\/www.lubmaster.com.br\/site\/produto\/top-oil-sp\/\"]}]},{\"@type\":\"ImageObject\",\"inLanguage\":\"pt-BR\",\"@id\":\"https:\/\/www.lubmaster.com.br\/site\/produto\/top-oil-sp\/#primaryimage\",\"url\":\"https:\/\/www.lubmaster.com.br\/site\/wp-content\/uploads\/2024\/05\/top-oil-200S-lubmaster.jpg\",\"contentUrl\":\"https:\/\/www.lubmaster.com.br\/site\/wp-content\/uploads\/2024\/05\/top-oil-200S-lubmaster.jpg\",\"width\":300,\"height\":300,\"caption\":\"Double engine air compressor in service garage\"},{\"@type\":\"BreadcrumbList\",\"@id\":\"https:\/\/www.lubmaster.com.br\/site\/produto\/top-oil-sp\/#breadcrumb\",\"itemListElement\":[{\"@type\":\"ListItem\",\"position\":1,\"name\":\"In\u00edcio\",\"item\":\"https:\/\/www.lubmaster.com.br\/site\/\"},{\"@type\":\"ListItem\",\"position\":2,\"name\":\"Loja\",\"item\":\"https:\/\/www.lubmaster.com.br\/site\/loja\/\"},{\"@type\":\"ListItem\",\"position\":3,\"name\":\"TOP OIL SP\"}]},{\"@type\":\"WebSite\",\"@id\":\"https:\/\/www.lubmaster.com.br\/site\/#website\",\"url\":\"https:\/\/www.lubmaster.com.br\/site\/\",\"name\":\"Lubmaster\",\"description\":\"\",\"publisher\":{\"@id\":\"https:\/\/www.lubmaster.com.br\/site\/#organization\"},\"alternateName\":\"Refer\u00eancia em lubrificantes industriais\",\"potentialAction\":[{\"@type\":\"SearchAction\",\"target\":{\"@type\":\"EntryPoint\",\"urlTemplate\":\"https:\/\/www.lubmaster.com.br\/site\/?s={search_term_string}\"},\"query-input\":{\"@type\":\"PropertyValueSpecification\",\"valueRequired\":true,\"valueName\":\"search_term_string\"}}],\"inLanguage\":\"pt-BR\"},{\"@type\":\"Organization\",\"@id\":\"https:\/\/www.lubmaster.com.br\/site\/#organization\",\"name\":\"Lubmaster\",\"alternateName\":\"Refer\u00eancia em lubrificantes industriais\",\"url\":\"https:\/\/www.lubmaster.com.br\/site\/\",\"logo\":{\"@type\":\"ImageObject\",\"inLanguage\":\"pt-BR\",\"@id\":\"https:\/\/www.lubmaster.com.br\/site\/#\/schema\/logo\/image\/\",\"url\":\"https:\/\/www.lubmaster.com.br\/site\/wp-content\/uploads\/2024\/05\/cropped-favicon.png\",\"contentUrl\":\"https:\/\/www.lubmaster.com.br\/site\/wp-content\/uploads\/2024\/05\/cropped-favicon.png\",\"width\":512,\"height\":512,\"caption\":\"Lubmaster\"},\"image\":{\"@id\":\"https:\/\/www.lubmaster.com.br\/site\/#\/schema\/logo\/image\/\"},\"sameAs\":[\"https:\/\/www.linkedin.com\/company\/lubmaster-produtos-especiais-ltda.\/posts\/?feedView=all\",\"https:\/\/www.instagram.com\/lubmaster.lubrificantes\/\"]}]}<\/script>\n<!-- \/ Yoast SEO plugin. -->","yoast_head_json":{"title":"TOP OIL SP - Lubmaster","description":"O TOP OIL SP \u00e9 uma linha de \u00f3leos altamente aditivados. Sua formula\u00e7\u00e3o exclusiva garante desempenho superior em sistemas hidr\u00e1ulicos e mancais.","robots":{"index":"index","follow":"follow","max-snippet":"max-snippet:-1","max-image-preview":"max-image-preview:large","max-video-preview":"max-video-preview:-1"},"canonical":"https:\/\/www.lubmaster.com.br\/site\/produto\/top-oil-sp\/","og_locale":"pt_BR","og_type":"article","og_title":"TOP OIL SP - Lubmaster","og_description":"O TOP OIL SP \u00e9 uma linha de \u00f3leos altamente aditivados. Sua formula\u00e7\u00e3o exclusiva garante desempenho superior em sistemas hidr\u00e1ulicos e mancais.","og_url":"https:\/\/www.lubmaster.com.br\/site\/produto\/top-oil-sp\/","og_site_name":"Lubmaster","article_modified_time":"2025-06-26T17:23:13+00:00","og_image":[{"width":300,"height":300,"url":"https:\/\/www.lubmaster.com.br\/site\/wp-content\/uploads\/2024\/05\/top-oil-200S-lubmaster.jpg","type":"image\/jpeg"}],"twitter_card":"summary_large_image","schema":{"@context":"https:\/\/schema.org","@graph":[{"@type":"WebPage","@id":"https:\/\/www.lubmaster.com.br\/site\/produto\/top-oil-sp\/","url":"https:\/\/www.lubmaster.com.br\/site\/produto\/top-oil-sp\/","name":"TOP OIL SP - Lubmaster","isPartOf":{"@id":"https:\/\/www.lubmaster.com.br\/site\/#website"},"primaryImageOfPage":{"@id":"https:\/\/www.lubmaster.com.br\/site\/produto\/top-oil-sp\/#primaryimage"},"image":{"@id":"https:\/\/www.lubmaster.com.br\/site\/produto\/top-oil-sp\/#primaryimage"},"thumbnailUrl":"https:\/\/www.lubmaster.com.br\/site\/wp-content\/uploads\/2024\/05\/top-oil-200S-lubmaster.jpg","datePublished":"2024-05-24T00:32:04+00:00","dateModified":"2025-06-26T17:23:13+00:00","description":"O TOP OIL SP \u00e9 uma linha de \u00f3leos altamente aditivados. Sua formula\u00e7\u00e3o exclusiva garante desempenho superior em sistemas hidr\u00e1ulicos e mancais.","breadcrumb":{"@id":"https:\/\/www.lubmaster.com.br\/site\/produto\/top-oil-sp\/#breadcrumb"},"inLanguage":"pt-BR","potentialAction":[{"@type":"ReadAction","target":["https:\/\/www.lubmaster.com.br\/site\/produto\/top-oil-sp\/"]}]},{"@type":"ImageObject","inLanguage":"pt-BR","@id":"https:\/\/www.lubmaster.com.br\/site\/produto\/top-oil-sp\/#primaryimage","url":"https:\/\/www.lubmaster.com.br\/site\/wp-content\/uploads\/2024\/05\/top-oil-200S-lubmaster.jpg","contentUrl":"https:\/\/www.lubmaster.com.br\/site\/wp-content\/uploads\/2024\/05\/top-oil-200S-lubmaster.jpg","width":300,"height":300,"caption":"Double engine air compressor in service garage"},{"@type":"BreadcrumbList","@id":"https:\/\/www.lubmaster.com.br\/site\/produto\/top-oil-sp\/#breadcrumb","itemListElement":[{"@type":"ListItem","position":1,"name":"In\u00edcio","item":"https:\/\/www.lubmaster.com.br\/site\/"},{"@type":"ListItem","position":2,"name":"Loja","item":"https:\/\/www.lubmaster.com.br\/site\/loja\/"},{"@type":"ListItem","position":3,"name":"TOP OIL SP"}]},{"@type":"WebSite","@id":"https:\/\/www.lubmaster.com.br\/site\/#website","url":"https:\/\/www.lubmaster.com.br\/site\/","name":"Lubmaster","description":"","publisher":{"@id":"https:\/\/www.lubmaster.com.br\/site\/#organization"},"alternateName":"Refer\u00eancia em lubrificantes industriais","potentialAction":[{"@type":"SearchAction","target":{"@type":"EntryPoint","urlTemplate":"https:\/\/www.lubmaster.com.br\/site\/?s={search_term_string}"},"query-input":{"@type":"PropertyValueSpecification","valueRequired":true,"valueName":"search_term_string"}}],"inLanguage":"pt-BR"},{"@type":"Organization","@id":"https:\/\/www.lubmaster.com.br\/site\/#organization","name":"Lubmaster","alternateName":"Refer\u00eancia em lubrificantes industriais","url":"https:\/\/www.lubmaster.com.br\/site\/","logo":{"@type":"ImageObject","inLanguage":"pt-BR","@id":"https:\/\/www.lubmaster.com.br\/site\/#\/schema\/logo\/image\/","url":"https:\/\/www.lubmaster.com.br\/site\/wp-content\/uploads\/2024\/05\/cropped-favicon.png","contentUrl":"https:\/\/www.lubmaster.com.br\/site\/wp-content\/uploads\/2024\/05\/cropped-favicon.png","width":512,"height":512,"caption":"Lubmaster"},"image":{"@id":"https:\/\/www.lubmaster.com.br\/site\/#\/schema\/logo\/image\/"},"sameAs":["https:\/\/www.linkedin.com\/company\/lubmaster-produtos-especiais-ltda.\/posts\/?feedView=all","https:\/\/www.instagram.com\/lubmaster.lubrificantes\/"]}]}},"_links":{"self":[{"href":"https:\/\/www.lubmaster.com.br\/site\/wp-json\/wp\/v2\/product\/1117","targetHints":{"allow":["GET"]}}],"collection":[{"href":"https:\/\/www.lubmaster.com.br\/site\/wp-json\/wp\/v2\/product"}],"about":[{"href":"https:\/\/www.lubmaster.com.br\/site\/wp-json\/wp\/v2\/types\/product"}],"replies":[{"embeddable":true,"href":"https:\/\/www.lubmaster.com.br\/site\/wp-json\/wp\/v2\/comments?post=1117"}],"wp:featuredmedia":[{"embeddable":true,"href":"https:\/\/www.lubmaster.com.br\/site\/wp-json\/wp\/v2\/media\/1118"}],"wp:attachment":[{"href":"https:\/\/www.lubmaster.com.br\/site\/wp-json\/wp\/v2\/media?parent=1117"}],"wp:term":[{"taxonomy":"product_brand","embeddable":true,"href":"https:\/\/www.lubmaster.com.br\/site\/wp-json\/wp\/v2\/product_brand?post=1117"},{"taxonomy":"product_cat","embeddable":true,"href":"https:\/\/www.lubmaster.com.br\/site\/wp-json\/wp\/v2\/product_cat?post=1117"},{"taxonomy":"product_tag","embeddable":true,"href":"https:\/\/www.lubmaster.com.br\/site\/wp-json\/wp\/v2\/product_tag?post=1117"}],"curies":[{"name":"wp","href":"https:\/\/api.w.org\/{rel}","templated":true}]}}