{"id":835,"date":"2024-05-10T11:36:35","date_gmt":"2024-05-10T11:36:35","guid":{"rendered":"https:\/\/www.lubmaster.com.br\/site\/?post_type=product&#038;p=835"},"modified":"2024-05-23T23:20:15","modified_gmt":"2024-05-23T23:20:15","slug":"master-cutting-119","status":"publish","type":"product","link":"https:\/\/www.lubmaster.com.br\/site\/produto\/master-cutting-119\/","title":{"rendered":"MASTER CUTTING 119"},"content":{"rendered":"<p><strong><em>\u00d3LEO DE CORTE INTEGRAL<\/em><\/strong><\/p>\n<p>MASTER CUTTING 119 \u00e9 formulado com a mais moderna gera\u00e7\u00e3o de aditivos utilizados em \u00f3leos de corte integral, inativo, desenvolvido para atender requisitos de boa usinagem em metais n\u00e3o ferrosos.<\/p>\n<p>Sua aditiva\u00e7\u00e3o resulta em uma perfeita lubrifica\u00e7\u00e3o com o menor coeficiente de atrito, proporcionando excelente acabamento da pe\u00e7a, aumentando a vida \u00fatil da ferrameta.<\/p>\n<p>\u00c9 indicado para opre\u00e7\u00f5es de corte, tais como brochamento, fresamento, rosqueamento, etc.<\/p>\n<p>Sua viscosidade reduz as perdas de \u00f3leo por arraste nos cavacos e pe\u00e7as.<\/p>\n<p>Embalagens dispon\u00edveis:<br \/>\n&#8211; Balde de 20 litros<br \/>\n&#8211; Tambor de 200 litros<br \/>\n&#8211; Container de 1000 litros<\/p>\n","protected":false},"excerpt":{"rendered":"<p>\u00d3LEO DE CORTE INTEGRAL MASTER CUTTING 119 \u00e9 formulado com a mais moderna gera\u00e7\u00e3o de aditivos utilizados em \u00f3leos de corte integral, inativo, desenvolvido para atender requisitos de boa usinagem em metais n\u00e3o ferrosos. Sua aditiva\u00e7\u00e3o resulta em uma perfeita lubrifica\u00e7\u00e3o com o menor coeficiente de atrito, proporcionando excelente acabamento da pe\u00e7a, aumentando a vida [&hellip;]<\/p>\n","protected":false},"featured_media":1085,"comment_status":"open","ping_status":"closed","template":"","meta":[],"product_brand":[],"product_cat":[26,33],"product_tag":[],"class_list":{"0":"post-835","1":"product","2":"type-product","3":"status-publish","4":"has-post-thumbnail","6":"product_cat-metalurgica-e-metal-mecanica","7":"product_cat-usinagem","9":"first","10":"instock","11":"shipping-taxable","12":"product-type-simple"},"yoast_head":"<!-- This site is optimized with the Yoast SEO plugin v26.6 - https:\/\/yoast.com\/wordpress\/plugins\/seo\/ -->\n<title>MASTER CUTTING 119 - Lubmaster<\/title>\n<meta name=\"robots\" content=\"index, follow, max-snippet:-1, max-image-preview:large, max-video-preview:-1\" \/>\n<link rel=\"canonical\" href=\"https:\/\/www.lubmaster.com.br\/site\/produto\/master-cutting-119\/\" \/>\n<meta property=\"og:locale\" content=\"pt_BR\" \/>\n<meta property=\"og:type\" content=\"article\" \/>\n<meta property=\"og:title\" content=\"MASTER CUTTING 119 - Lubmaster\" \/>\n<meta property=\"og:description\" content=\"\u00d3LEO DE CORTE INTEGRAL MASTER CUTTING 119 \u00e9 formulado com a mais moderna gera\u00e7\u00e3o de aditivos utilizados em \u00f3leos de corte integral, inativo, desenvolvido para atender requisitos de boa usinagem em metais n\u00e3o ferrosos. Sua aditiva\u00e7\u00e3o resulta em uma perfeita lubrifica\u00e7\u00e3o com o menor coeficiente de atrito, proporcionando excelente acabamento da pe\u00e7a, aumentando a vida [&hellip;]\" \/>\n<meta property=\"og:url\" content=\"https:\/\/www.lubmaster.com.br\/site\/produto\/master-cutting-119\/\" \/>\n<meta property=\"og:site_name\" content=\"Lubmaster\" \/>\n<meta property=\"article:modified_time\" content=\"2024-05-23T23:20:15+00:00\" \/>\n<meta property=\"og:image\" content=\"https:\/\/www.lubmaster.com.br\/site\/wp-content\/uploads\/2024\/05\/FERSAMENTO.jpg\" \/>\n\t<meta property=\"og:image:width\" content=\"517\" \/>\n\t<meta property=\"og:image:height\" content=\"518\" \/>\n\t<meta property=\"og:image:type\" content=\"image\/jpeg\" \/>\n<meta name=\"twitter:card\" content=\"summary_large_image\" \/>\n<meta name=\"twitter:label1\" content=\"Est. tempo de leitura\" \/>\n\t<meta name=\"twitter:data1\" content=\"1 minuto\" \/>\n<script type=\"application\/ld+json\" class=\"yoast-schema-graph\">{\"@context\":\"https:\/\/schema.org\",\"@graph\":[{\"@type\":\"WebPage\",\"@id\":\"https:\/\/www.lubmaster.com.br\/site\/produto\/master-cutting-119\/\",\"url\":\"https:\/\/www.lubmaster.com.br\/site\/produto\/master-cutting-119\/\",\"name\":\"MASTER CUTTING 119 - Lubmaster\",\"isPartOf\":{\"@id\":\"https:\/\/www.lubmaster.com.br\/site\/#website\"},\"primaryImageOfPage\":{\"@id\":\"https:\/\/www.lubmaster.com.br\/site\/produto\/master-cutting-119\/#primaryimage\"},\"image\":{\"@id\":\"https:\/\/www.lubmaster.com.br\/site\/produto\/master-cutting-119\/#primaryimage\"},\"thumbnailUrl\":\"https:\/\/www.lubmaster.com.br\/site\/wp-content\/uploads\/2024\/05\/FERSAMENTO.jpg\",\"datePublished\":\"2024-05-10T11:36:35+00:00\",\"dateModified\":\"2024-05-23T23:20:15+00:00\",\"breadcrumb\":{\"@id\":\"https:\/\/www.lubmaster.com.br\/site\/produto\/master-cutting-119\/#breadcrumb\"},\"inLanguage\":\"pt-BR\",\"potentialAction\":[{\"@type\":\"ReadAction\",\"target\":[\"https:\/\/www.lubmaster.com.br\/site\/produto\/master-cutting-119\/\"]}]},{\"@type\":\"ImageObject\",\"inLanguage\":\"pt-BR\",\"@id\":\"https:\/\/www.lubmaster.com.br\/site\/produto\/master-cutting-119\/#primaryimage\",\"url\":\"https:\/\/www.lubmaster.com.br\/site\/wp-content\/uploads\/2024\/05\/FERSAMENTO.jpg\",\"contentUrl\":\"https:\/\/www.lubmaster.com.br\/site\/wp-content\/uploads\/2024\/05\/FERSAMENTO.jpg\",\"width\":517,\"height\":518},{\"@type\":\"BreadcrumbList\",\"@id\":\"https:\/\/www.lubmaster.com.br\/site\/produto\/master-cutting-119\/#breadcrumb\",\"itemListElement\":[{\"@type\":\"ListItem\",\"position\":1,\"name\":\"In\u00edcio\",\"item\":\"https:\/\/www.lubmaster.com.br\/site\/\"},{\"@type\":\"ListItem\",\"position\":2,\"name\":\"Loja\",\"item\":\"https:\/\/www.lubmaster.com.br\/site\/loja\/\"},{\"@type\":\"ListItem\",\"position\":3,\"name\":\"MASTER CUTTING 119\"}]},{\"@type\":\"WebSite\",\"@id\":\"https:\/\/www.lubmaster.com.br\/site\/#website\",\"url\":\"https:\/\/www.lubmaster.com.br\/site\/\",\"name\":\"Lubmaster\",\"description\":\"\",\"publisher\":{\"@id\":\"https:\/\/www.lubmaster.com.br\/site\/#organization\"},\"alternateName\":\"Refer\u00eancia em lubrificantes industriais\",\"potentialAction\":[{\"@type\":\"SearchAction\",\"target\":{\"@type\":\"EntryPoint\",\"urlTemplate\":\"https:\/\/www.lubmaster.com.br\/site\/?s={search_term_string}\"},\"query-input\":{\"@type\":\"PropertyValueSpecification\",\"valueRequired\":true,\"valueName\":\"search_term_string\"}}],\"inLanguage\":\"pt-BR\"},{\"@type\":\"Organization\",\"@id\":\"https:\/\/www.lubmaster.com.br\/site\/#organization\",\"name\":\"Lubmaster\",\"alternateName\":\"Refer\u00eancia em lubrificantes industriais\",\"url\":\"https:\/\/www.lubmaster.com.br\/site\/\",\"logo\":{\"@type\":\"ImageObject\",\"inLanguage\":\"pt-BR\",\"@id\":\"https:\/\/www.lubmaster.com.br\/site\/#\/schema\/logo\/image\/\",\"url\":\"https:\/\/www.lubmaster.com.br\/site\/wp-content\/uploads\/2024\/05\/cropped-favicon.png\",\"contentUrl\":\"https:\/\/www.lubmaster.com.br\/site\/wp-content\/uploads\/2024\/05\/cropped-favicon.png\",\"width\":512,\"height\":512,\"caption\":\"Lubmaster\"},\"image\":{\"@id\":\"https:\/\/www.lubmaster.com.br\/site\/#\/schema\/logo\/image\/\"},\"sameAs\":[\"https:\/\/www.linkedin.com\/company\/lubmaster-produtos-especiais-ltda.\/posts\/?feedView=all\",\"https:\/\/www.instagram.com\/lubmaster.lubrificantes\/\"]}]}<\/script>\n<!-- \/ Yoast SEO plugin. -->","yoast_head_json":{"title":"MASTER CUTTING 119 - Lubmaster","robots":{"index":"index","follow":"follow","max-snippet":"max-snippet:-1","max-image-preview":"max-image-preview:large","max-video-preview":"max-video-preview:-1"},"canonical":"https:\/\/www.lubmaster.com.br\/site\/produto\/master-cutting-119\/","og_locale":"pt_BR","og_type":"article","og_title":"MASTER CUTTING 119 - Lubmaster","og_description":"\u00d3LEO DE CORTE INTEGRAL MASTER CUTTING 119 \u00e9 formulado com a mais moderna gera\u00e7\u00e3o de aditivos utilizados em \u00f3leos de corte integral, inativo, desenvolvido para atender requisitos de boa usinagem em metais n\u00e3o ferrosos. Sua aditiva\u00e7\u00e3o resulta em uma perfeita lubrifica\u00e7\u00e3o com o menor coeficiente de atrito, proporcionando excelente acabamento da pe\u00e7a, aumentando a vida [&hellip;]","og_url":"https:\/\/www.lubmaster.com.br\/site\/produto\/master-cutting-119\/","og_site_name":"Lubmaster","article_modified_time":"2024-05-23T23:20:15+00:00","og_image":[{"width":517,"height":518,"url":"https:\/\/www.lubmaster.com.br\/site\/wp-content\/uploads\/2024\/05\/FERSAMENTO.jpg","type":"image\/jpeg"}],"twitter_card":"summary_large_image","twitter_misc":{"Est. tempo de leitura":"1 minuto"},"schema":{"@context":"https:\/\/schema.org","@graph":[{"@type":"WebPage","@id":"https:\/\/www.lubmaster.com.br\/site\/produto\/master-cutting-119\/","url":"https:\/\/www.lubmaster.com.br\/site\/produto\/master-cutting-119\/","name":"MASTER CUTTING 119 - Lubmaster","isPartOf":{"@id":"https:\/\/www.lubmaster.com.br\/site\/#website"},"primaryImageOfPage":{"@id":"https:\/\/www.lubmaster.com.br\/site\/produto\/master-cutting-119\/#primaryimage"},"image":{"@id":"https:\/\/www.lubmaster.com.br\/site\/produto\/master-cutting-119\/#primaryimage"},"thumbnailUrl":"https:\/\/www.lubmaster.com.br\/site\/wp-content\/uploads\/2024\/05\/FERSAMENTO.jpg","datePublished":"2024-05-10T11:36:35+00:00","dateModified":"2024-05-23T23:20:15+00:00","breadcrumb":{"@id":"https:\/\/www.lubmaster.com.br\/site\/produto\/master-cutting-119\/#breadcrumb"},"inLanguage":"pt-BR","potentialAction":[{"@type":"ReadAction","target":["https:\/\/www.lubmaster.com.br\/site\/produto\/master-cutting-119\/"]}]},{"@type":"ImageObject","inLanguage":"pt-BR","@id":"https:\/\/www.lubmaster.com.br\/site\/produto\/master-cutting-119\/#primaryimage","url":"https:\/\/www.lubmaster.com.br\/site\/wp-content\/uploads\/2024\/05\/FERSAMENTO.jpg","contentUrl":"https:\/\/www.lubmaster.com.br\/site\/wp-content\/uploads\/2024\/05\/FERSAMENTO.jpg","width":517,"height":518},{"@type":"BreadcrumbList","@id":"https:\/\/www.lubmaster.com.br\/site\/produto\/master-cutting-119\/#breadcrumb","itemListElement":[{"@type":"ListItem","position":1,"name":"In\u00edcio","item":"https:\/\/www.lubmaster.com.br\/site\/"},{"@type":"ListItem","position":2,"name":"Loja","item":"https:\/\/www.lubmaster.com.br\/site\/loja\/"},{"@type":"ListItem","position":3,"name":"MASTER CUTTING 119"}]},{"@type":"WebSite","@id":"https:\/\/www.lubmaster.com.br\/site\/#website","url":"https:\/\/www.lubmaster.com.br\/site\/","name":"Lubmaster","description":"","publisher":{"@id":"https:\/\/www.lubmaster.com.br\/site\/#organization"},"alternateName":"Refer\u00eancia em lubrificantes industriais","potentialAction":[{"@type":"SearchAction","target":{"@type":"EntryPoint","urlTemplate":"https:\/\/www.lubmaster.com.br\/site\/?s={search_term_string}"},"query-input":{"@type":"PropertyValueSpecification","valueRequired":true,"valueName":"search_term_string"}}],"inLanguage":"pt-BR"},{"@type":"Organization","@id":"https:\/\/www.lubmaster.com.br\/site\/#organization","name":"Lubmaster","alternateName":"Refer\u00eancia em lubrificantes industriais","url":"https:\/\/www.lubmaster.com.br\/site\/","logo":{"@type":"ImageObject","inLanguage":"pt-BR","@id":"https:\/\/www.lubmaster.com.br\/site\/#\/schema\/logo\/image\/","url":"https:\/\/www.lubmaster.com.br\/site\/wp-content\/uploads\/2024\/05\/cropped-favicon.png","contentUrl":"https:\/\/www.lubmaster.com.br\/site\/wp-content\/uploads\/2024\/05\/cropped-favicon.png","width":512,"height":512,"caption":"Lubmaster"},"image":{"@id":"https:\/\/www.lubmaster.com.br\/site\/#\/schema\/logo\/image\/"},"sameAs":["https:\/\/www.linkedin.com\/company\/lubmaster-produtos-especiais-ltda.\/posts\/?feedView=all","https:\/\/www.instagram.com\/lubmaster.lubrificantes\/"]}]}},"_links":{"self":[{"href":"https:\/\/www.lubmaster.com.br\/site\/wp-json\/wp\/v2\/product\/835","targetHints":{"allow":["GET"]}}],"collection":[{"href":"https:\/\/www.lubmaster.com.br\/site\/wp-json\/wp\/v2\/product"}],"about":[{"href":"https:\/\/www.lubmaster.com.br\/site\/wp-json\/wp\/v2\/types\/product"}],"replies":[{"embeddable":true,"href":"https:\/\/www.lubmaster.com.br\/site\/wp-json\/wp\/v2\/comments?post=835"}],"wp:featuredmedia":[{"embeddable":true,"href":"https:\/\/www.lubmaster.com.br\/site\/wp-json\/wp\/v2\/media\/1085"}],"wp:attachment":[{"href":"https:\/\/www.lubmaster.com.br\/site\/wp-json\/wp\/v2\/media?parent=835"}],"wp:term":[{"taxonomy":"product_brand","embeddable":true,"href":"https:\/\/www.lubmaster.com.br\/site\/wp-json\/wp\/v2\/product_brand?post=835"},{"taxonomy":"product_cat","embeddable":true,"href":"https:\/\/www.lubmaster.com.br\/site\/wp-json\/wp\/v2\/product_cat?post=835"},{"taxonomy":"product_tag","embeddable":true,"href":"https:\/\/www.lubmaster.com.br\/site\/wp-json\/wp\/v2\/product_tag?post=835"}],"curies":[{"name":"wp","href":"https:\/\/api.w.org\/{rel}","templated":true}]}}