{"id":843,"date":"2024-05-10T11:44:55","date_gmt":"2024-05-10T11:44:55","guid":{"rendered":"https:\/\/www.lubmaster.com.br\/site\/?post_type=product&#038;p=843"},"modified":"2025-06-26T17:33:41","modified_gmt":"2025-06-26T17:33:41","slug":"master-cp-440-m","status":"publish","type":"product","link":"https:\/\/www.lubmaster.com.br\/site\/produto\/master-cp-440-m\/","title":{"rendered":"MASTER CP 440 M"},"content":{"rendered":"<p><strong>MASTER CP 440 M<\/strong> \u00e9 um flu\u00eddo mineral desenvolvido para\u00a0ind\u00fastrias de papel,\u00a0com grau USP (United States Pharmacopea) que define as especifica\u00e7\u00f5es para \u00f3leos minerais brancos, utilizados em produtos destinados ao consumo ou contato humano.<\/p>\n<p>Entre outras indica\u00e7\u00f5es, \u00e9 usado com excelentes resultados na lubrifica\u00e7\u00e3o de facas faciais, rebobinadeiras e golfladeiras em ind\u00fastrias de papel.<\/p>\n<p>Embalagens dispon\u00edveis:<br \/>\n&#8211; Balde de 20 litros<br \/>\n&#8211; Tambor de 200 litros<br \/>\n&#8211; Container de 1000 litros<\/p>\n","protected":false},"excerpt":{"rendered":"<p>MASTER CP 440 M \u00e9 um flu\u00eddo mineral desenvolvido para\u00a0ind\u00fastrias de papel,\u00a0com grau USP (United States Pharmacopea) que define as especifica\u00e7\u00f5es para \u00f3leos minerais brancos, utilizados em produtos destinados ao consumo ou contato humano. Entre outras indica\u00e7\u00f5es, \u00e9 usado com excelentes resultados na lubrifica\u00e7\u00e3o de facas faciais, rebobinadeiras e golfladeiras em ind\u00fastrias de papel. Embalagens [&hellip;]<\/p>\n","protected":false},"featured_media":842,"comment_status":"open","ping_status":"closed","template":"","meta":[],"product_brand":[],"product_cat":[25],"product_tag":[],"class_list":{"0":"post-843","1":"product","2":"type-product","3":"status-publish","4":"has-post-thumbnail","6":"product_cat-maquina-de-papel-tissue","8":"first","9":"instock","10":"shipping-taxable","11":"product-type-simple"},"yoast_head":"<!-- This site is optimized with the Yoast SEO plugin v26.6 - https:\/\/yoast.com\/wordpress\/plugins\/seo\/ -->\n<title>MASTER CP 440 M - Lubmaster<\/title>\n<meta name=\"description\" content=\"MASTER CP 440 M \u00e9 um flu\u00eddo mineral desenvolvido para ind\u00fastrias de papel, com grau USP (United States Pharmacopea) que define as especifica\u00e7\u00f5es para \u00f3leos minerais brancos, utilizados em produtos destinados ao consumo ou contato humano.\" \/>\n<meta name=\"robots\" content=\"index, follow, max-snippet:-1, max-image-preview:large, max-video-preview:-1\" \/>\n<link rel=\"canonical\" href=\"https:\/\/www.lubmaster.com.br\/site\/produto\/master-cp-440-m\/\" \/>\n<meta property=\"og:locale\" content=\"pt_BR\" \/>\n<meta property=\"og:type\" content=\"article\" \/>\n<meta property=\"og:title\" content=\"MASTER CP 440 M - Lubmaster\" \/>\n<meta property=\"og:description\" content=\"MASTER CP 440 M \u00e9 um flu\u00eddo mineral desenvolvido para ind\u00fastrias de papel, com grau USP (United States Pharmacopea) que define as especifica\u00e7\u00f5es para \u00f3leos minerais brancos, utilizados em produtos destinados ao consumo ou contato humano.\" \/>\n<meta property=\"og:url\" content=\"https:\/\/www.lubmaster.com.br\/site\/produto\/master-cp-440-m\/\" \/>\n<meta property=\"og:site_name\" content=\"Lubmaster\" \/>\n<meta property=\"article:modified_time\" content=\"2025-06-26T17:33:41+00:00\" \/>\n<meta property=\"og:image\" content=\"https:\/\/www.lubmaster.com.br\/site\/wp-content\/uploads\/2024\/05\/MAQUINAS-PAPEL-TISSUE.jpg\" \/>\n\t<meta property=\"og:image:width\" content=\"754\" \/>\n\t<meta property=\"og:image:height\" content=\"754\" \/>\n\t<meta property=\"og:image:type\" content=\"image\/jpeg\" \/>\n<meta name=\"twitter:card\" content=\"summary_large_image\" \/>\n<script type=\"application\/ld+json\" class=\"yoast-schema-graph\">{\"@context\":\"https:\/\/schema.org\",\"@graph\":[{\"@type\":\"WebPage\",\"@id\":\"https:\/\/www.lubmaster.com.br\/site\/produto\/master-cp-440-m\/\",\"url\":\"https:\/\/www.lubmaster.com.br\/site\/produto\/master-cp-440-m\/\",\"name\":\"MASTER CP 440 M - Lubmaster\",\"isPartOf\":{\"@id\":\"https:\/\/www.lubmaster.com.br\/site\/#website\"},\"primaryImageOfPage\":{\"@id\":\"https:\/\/www.lubmaster.com.br\/site\/produto\/master-cp-440-m\/#primaryimage\"},\"image\":{\"@id\":\"https:\/\/www.lubmaster.com.br\/site\/produto\/master-cp-440-m\/#primaryimage\"},\"thumbnailUrl\":\"https:\/\/www.lubmaster.com.br\/site\/wp-content\/uploads\/2024\/05\/MAQUINAS-PAPEL-TISSUE.jpg\",\"datePublished\":\"2024-05-10T11:44:55+00:00\",\"dateModified\":\"2025-06-26T17:33:41+00:00\",\"description\":\"MASTER CP 440 M \u00e9 um flu\u00eddo mineral desenvolvido para ind\u00fastrias de papel, com grau USP (United States Pharmacopea) que define as especifica\u00e7\u00f5es para \u00f3leos minerais brancos, utilizados em produtos destinados ao consumo ou contato humano.\",\"breadcrumb\":{\"@id\":\"https:\/\/www.lubmaster.com.br\/site\/produto\/master-cp-440-m\/#breadcrumb\"},\"inLanguage\":\"pt-BR\",\"potentialAction\":[{\"@type\":\"ReadAction\",\"target\":[\"https:\/\/www.lubmaster.com.br\/site\/produto\/master-cp-440-m\/\"]}]},{\"@type\":\"ImageObject\",\"inLanguage\":\"pt-BR\",\"@id\":\"https:\/\/www.lubmaster.com.br\/site\/produto\/master-cp-440-m\/#primaryimage\",\"url\":\"https:\/\/www.lubmaster.com.br\/site\/wp-content\/uploads\/2024\/05\/MAQUINAS-PAPEL-TISSUE.jpg\",\"contentUrl\":\"https:\/\/www.lubmaster.com.br\/site\/wp-content\/uploads\/2024\/05\/MAQUINAS-PAPEL-TISSUE.jpg\",\"width\":754,\"height\":754},{\"@type\":\"BreadcrumbList\",\"@id\":\"https:\/\/www.lubmaster.com.br\/site\/produto\/master-cp-440-m\/#breadcrumb\",\"itemListElement\":[{\"@type\":\"ListItem\",\"position\":1,\"name\":\"In\u00edcio\",\"item\":\"https:\/\/www.lubmaster.com.br\/site\/\"},{\"@type\":\"ListItem\",\"position\":2,\"name\":\"Loja\",\"item\":\"https:\/\/www.lubmaster.com.br\/site\/loja\/\"},{\"@type\":\"ListItem\",\"position\":3,\"name\":\"MASTER CP 440 M\"}]},{\"@type\":\"WebSite\",\"@id\":\"https:\/\/www.lubmaster.com.br\/site\/#website\",\"url\":\"https:\/\/www.lubmaster.com.br\/site\/\",\"name\":\"Lubmaster\",\"description\":\"\",\"publisher\":{\"@id\":\"https:\/\/www.lubmaster.com.br\/site\/#organization\"},\"alternateName\":\"Refer\u00eancia em lubrificantes industriais\",\"potentialAction\":[{\"@type\":\"SearchAction\",\"target\":{\"@type\":\"EntryPoint\",\"urlTemplate\":\"https:\/\/www.lubmaster.com.br\/site\/?s={search_term_string}\"},\"query-input\":{\"@type\":\"PropertyValueSpecification\",\"valueRequired\":true,\"valueName\":\"search_term_string\"}}],\"inLanguage\":\"pt-BR\"},{\"@type\":\"Organization\",\"@id\":\"https:\/\/www.lubmaster.com.br\/site\/#organization\",\"name\":\"Lubmaster\",\"alternateName\":\"Refer\u00eancia em lubrificantes industriais\",\"url\":\"https:\/\/www.lubmaster.com.br\/site\/\",\"logo\":{\"@type\":\"ImageObject\",\"inLanguage\":\"pt-BR\",\"@id\":\"https:\/\/www.lubmaster.com.br\/site\/#\/schema\/logo\/image\/\",\"url\":\"https:\/\/www.lubmaster.com.br\/site\/wp-content\/uploads\/2024\/05\/cropped-favicon.png\",\"contentUrl\":\"https:\/\/www.lubmaster.com.br\/site\/wp-content\/uploads\/2024\/05\/cropped-favicon.png\",\"width\":512,\"height\":512,\"caption\":\"Lubmaster\"},\"image\":{\"@id\":\"https:\/\/www.lubmaster.com.br\/site\/#\/schema\/logo\/image\/\"},\"sameAs\":[\"https:\/\/www.linkedin.com\/company\/lubmaster-produtos-especiais-ltda.\/posts\/?feedView=all\",\"https:\/\/www.instagram.com\/lubmaster.lubrificantes\/\"]}]}<\/script>\n<!-- \/ Yoast SEO plugin. -->","yoast_head_json":{"title":"MASTER CP 440 M - Lubmaster","description":"MASTER CP 440 M \u00e9 um flu\u00eddo mineral desenvolvido para ind\u00fastrias de papel, com grau USP (United States Pharmacopea) que define as especifica\u00e7\u00f5es para \u00f3leos minerais brancos, utilizados em produtos destinados ao consumo ou contato humano.","robots":{"index":"index","follow":"follow","max-snippet":"max-snippet:-1","max-image-preview":"max-image-preview:large","max-video-preview":"max-video-preview:-1"},"canonical":"https:\/\/www.lubmaster.com.br\/site\/produto\/master-cp-440-m\/","og_locale":"pt_BR","og_type":"article","og_title":"MASTER CP 440 M - Lubmaster","og_description":"MASTER CP 440 M \u00e9 um flu\u00eddo mineral desenvolvido para ind\u00fastrias de papel, com grau USP (United States Pharmacopea) que define as especifica\u00e7\u00f5es para \u00f3leos minerais brancos, utilizados em produtos destinados ao consumo ou contato humano.","og_url":"https:\/\/www.lubmaster.com.br\/site\/produto\/master-cp-440-m\/","og_site_name":"Lubmaster","article_modified_time":"2025-06-26T17:33:41+00:00","og_image":[{"width":754,"height":754,"url":"https:\/\/www.lubmaster.com.br\/site\/wp-content\/uploads\/2024\/05\/MAQUINAS-PAPEL-TISSUE.jpg","type":"image\/jpeg"}],"twitter_card":"summary_large_image","schema":{"@context":"https:\/\/schema.org","@graph":[{"@type":"WebPage","@id":"https:\/\/www.lubmaster.com.br\/site\/produto\/master-cp-440-m\/","url":"https:\/\/www.lubmaster.com.br\/site\/produto\/master-cp-440-m\/","name":"MASTER CP 440 M - Lubmaster","isPartOf":{"@id":"https:\/\/www.lubmaster.com.br\/site\/#website"},"primaryImageOfPage":{"@id":"https:\/\/www.lubmaster.com.br\/site\/produto\/master-cp-440-m\/#primaryimage"},"image":{"@id":"https:\/\/www.lubmaster.com.br\/site\/produto\/master-cp-440-m\/#primaryimage"},"thumbnailUrl":"https:\/\/www.lubmaster.com.br\/site\/wp-content\/uploads\/2024\/05\/MAQUINAS-PAPEL-TISSUE.jpg","datePublished":"2024-05-10T11:44:55+00:00","dateModified":"2025-06-26T17:33:41+00:00","description":"MASTER CP 440 M \u00e9 um flu\u00eddo mineral desenvolvido para ind\u00fastrias de papel, com grau USP (United States Pharmacopea) que define as especifica\u00e7\u00f5es para \u00f3leos minerais brancos, utilizados em produtos destinados ao consumo ou contato humano.","breadcrumb":{"@id":"https:\/\/www.lubmaster.com.br\/site\/produto\/master-cp-440-m\/#breadcrumb"},"inLanguage":"pt-BR","potentialAction":[{"@type":"ReadAction","target":["https:\/\/www.lubmaster.com.br\/site\/produto\/master-cp-440-m\/"]}]},{"@type":"ImageObject","inLanguage":"pt-BR","@id":"https:\/\/www.lubmaster.com.br\/site\/produto\/master-cp-440-m\/#primaryimage","url":"https:\/\/www.lubmaster.com.br\/site\/wp-content\/uploads\/2024\/05\/MAQUINAS-PAPEL-TISSUE.jpg","contentUrl":"https:\/\/www.lubmaster.com.br\/site\/wp-content\/uploads\/2024\/05\/MAQUINAS-PAPEL-TISSUE.jpg","width":754,"height":754},{"@type":"BreadcrumbList","@id":"https:\/\/www.lubmaster.com.br\/site\/produto\/master-cp-440-m\/#breadcrumb","itemListElement":[{"@type":"ListItem","position":1,"name":"In\u00edcio","item":"https:\/\/www.lubmaster.com.br\/site\/"},{"@type":"ListItem","position":2,"name":"Loja","item":"https:\/\/www.lubmaster.com.br\/site\/loja\/"},{"@type":"ListItem","position":3,"name":"MASTER CP 440 M"}]},{"@type":"WebSite","@id":"https:\/\/www.lubmaster.com.br\/site\/#website","url":"https:\/\/www.lubmaster.com.br\/site\/","name":"Lubmaster","description":"","publisher":{"@id":"https:\/\/www.lubmaster.com.br\/site\/#organization"},"alternateName":"Refer\u00eancia em lubrificantes industriais","potentialAction":[{"@type":"SearchAction","target":{"@type":"EntryPoint","urlTemplate":"https:\/\/www.lubmaster.com.br\/site\/?s={search_term_string}"},"query-input":{"@type":"PropertyValueSpecification","valueRequired":true,"valueName":"search_term_string"}}],"inLanguage":"pt-BR"},{"@type":"Organization","@id":"https:\/\/www.lubmaster.com.br\/site\/#organization","name":"Lubmaster","alternateName":"Refer\u00eancia em lubrificantes industriais","url":"https:\/\/www.lubmaster.com.br\/site\/","logo":{"@type":"ImageObject","inLanguage":"pt-BR","@id":"https:\/\/www.lubmaster.com.br\/site\/#\/schema\/logo\/image\/","url":"https:\/\/www.lubmaster.com.br\/site\/wp-content\/uploads\/2024\/05\/cropped-favicon.png","contentUrl":"https:\/\/www.lubmaster.com.br\/site\/wp-content\/uploads\/2024\/05\/cropped-favicon.png","width":512,"height":512,"caption":"Lubmaster"},"image":{"@id":"https:\/\/www.lubmaster.com.br\/site\/#\/schema\/logo\/image\/"},"sameAs":["https:\/\/www.linkedin.com\/company\/lubmaster-produtos-especiais-ltda.\/posts\/?feedView=all","https:\/\/www.instagram.com\/lubmaster.lubrificantes\/"]}]}},"_links":{"self":[{"href":"https:\/\/www.lubmaster.com.br\/site\/wp-json\/wp\/v2\/product\/843","targetHints":{"allow":["GET"]}}],"collection":[{"href":"https:\/\/www.lubmaster.com.br\/site\/wp-json\/wp\/v2\/product"}],"about":[{"href":"https:\/\/www.lubmaster.com.br\/site\/wp-json\/wp\/v2\/types\/product"}],"replies":[{"embeddable":true,"href":"https:\/\/www.lubmaster.com.br\/site\/wp-json\/wp\/v2\/comments?post=843"}],"wp:featuredmedia":[{"embeddable":true,"href":"https:\/\/www.lubmaster.com.br\/site\/wp-json\/wp\/v2\/media\/842"}],"wp:attachment":[{"href":"https:\/\/www.lubmaster.com.br\/site\/wp-json\/wp\/v2\/media?parent=843"}],"wp:term":[{"taxonomy":"product_brand","embeddable":true,"href":"https:\/\/www.lubmaster.com.br\/site\/wp-json\/wp\/v2\/product_brand?post=843"},{"taxonomy":"product_cat","embeddable":true,"href":"https:\/\/www.lubmaster.com.br\/site\/wp-json\/wp\/v2\/product_cat?post=843"},{"taxonomy":"product_tag","embeddable":true,"href":"https:\/\/www.lubmaster.com.br\/site\/wp-json\/wp\/v2\/product_tag?post=843"}],"curies":[{"name":"wp","href":"https:\/\/api.w.org\/{rel}","templated":true}]}}