{"id":986,"date":"2024-05-10T17:06:09","date_gmt":"2024-05-10T17:06:09","guid":{"rendered":"https:\/\/www.lubmaster.com.br\/site\/?post_type=product&#038;p=986"},"modified":"2024-05-23T23:28:45","modified_gmt":"2024-05-23T23:28:45","slug":"angar-100-ii","status":"publish","type":"product","link":"https:\/\/www.lubmaster.com.br\/site\/produto\/angar-100-ii\/","title":{"rendered":"ANGAR 100 II"},"content":{"rendered":"<h4>LUBRIFICANTE DE BASE MINERAL<\/h4>\n<p>ANGAR 100 II \u00e9 lubrificantes de primeir\u00edssima qualidade, fabricados \u00e0 partir de lubrificantes b\u00e1sicos altamente selecionados, aos quais s\u00e3o incorporados tratamento espec\u00edficos para redu\u00e7\u00e3o de oxida\u00e7\u00e3o e espuma. S\u00e3o especialmente indicados para serem usados em sistemas de v\u00e1cuo, compressores, barramentos, sistemas circulat\u00f3rios e v\u00e1rios tipos de maquinaria industrial. (verificar a compatibilidade de fluidos). Possui excelente \u00edndice de viscosidade o que lhe assegura excelente caracter\u00edstica sob quaisquer condi\u00e7\u00f5es de trabalho e temperatura.<\/p>\n<p>Embalagens dispon\u00edveis:<br \/>\n&#8211; Balde de 20 litros<br \/>\n&#8211; Tambor de 200 litros<br \/>\n&#8211; Container de 1000 litros<\/p>\n","protected":false},"excerpt":{"rendered":"<p>LUBRIFICANTE DE BASE MINERAL ANGAR 100 II \u00e9 lubrificantes de primeir\u00edssima qualidade, fabricados \u00e0 partir de lubrificantes b\u00e1sicos altamente selecionados, aos quais s\u00e3o incorporados tratamento espec\u00edficos para redu\u00e7\u00e3o de oxida\u00e7\u00e3o e espuma. S\u00e3o especialmente indicados para serem usados em sistemas de v\u00e1cuo, compressores, barramentos, sistemas circulat\u00f3rios e v\u00e1rios tipos de maquinaria industrial. (verificar a compatibilidade [&hellip;]<\/p>\n","protected":false},"featured_media":1090,"comment_status":"open","ping_status":"closed","template":"","meta":[],"product_brand":[],"product_cat":[28],"product_tag":[],"class_list":{"0":"post-986","1":"product","2":"type-product","3":"status-publish","4":"has-post-thumbnail","6":"product_cat-uso-geral","8":"first","9":"instock","10":"shipping-taxable","11":"product-type-simple"},"yoast_head":"<!-- This site is optimized with the Yoast SEO plugin v26.6 - https:\/\/yoast.com\/wordpress\/plugins\/seo\/ -->\n<title>ANGAR 100 II - Lubmaster<\/title>\n<meta name=\"robots\" content=\"index, follow, max-snippet:-1, max-image-preview:large, max-video-preview:-1\" \/>\n<link rel=\"canonical\" href=\"https:\/\/www.lubmaster.com.br\/site\/produto\/angar-100-ii\/\" \/>\n<meta property=\"og:locale\" content=\"pt_BR\" \/>\n<meta property=\"og:type\" content=\"article\" \/>\n<meta property=\"og:title\" content=\"ANGAR 100 II - Lubmaster\" \/>\n<meta property=\"og:description\" content=\"LUBRIFICANTE DE BASE MINERAL ANGAR 100 II \u00e9 lubrificantes de primeir\u00edssima qualidade, fabricados \u00e0 partir de lubrificantes b\u00e1sicos altamente selecionados, aos quais s\u00e3o incorporados tratamento espec\u00edficos para redu\u00e7\u00e3o de oxida\u00e7\u00e3o e espuma. S\u00e3o especialmente indicados para serem usados em sistemas de v\u00e1cuo, compressores, barramentos, sistemas circulat\u00f3rios e v\u00e1rios tipos de maquinaria industrial. (verificar a compatibilidade [&hellip;]\" \/>\n<meta property=\"og:url\" content=\"https:\/\/www.lubmaster.com.br\/site\/produto\/angar-100-ii\/\" \/>\n<meta property=\"og:site_name\" content=\"Lubmaster\" \/>\n<meta property=\"article:modified_time\" content=\"2024-05-23T23:28:45+00:00\" \/>\n<meta property=\"og:image\" content=\"https:\/\/www.lubmaster.com.br\/site\/wp-content\/uploads\/2024\/05\/COMPRESSOR.jpg\" \/>\n\t<meta property=\"og:image:width\" content=\"708\" \/>\n\t<meta property=\"og:image:height\" content=\"714\" \/>\n\t<meta property=\"og:image:type\" content=\"image\/jpeg\" \/>\n<meta name=\"twitter:card\" content=\"summary_large_image\" \/>\n<script type=\"application\/ld+json\" class=\"yoast-schema-graph\">{\"@context\":\"https:\/\/schema.org\",\"@graph\":[{\"@type\":\"WebPage\",\"@id\":\"https:\/\/www.lubmaster.com.br\/site\/produto\/angar-100-ii\/\",\"url\":\"https:\/\/www.lubmaster.com.br\/site\/produto\/angar-100-ii\/\",\"name\":\"ANGAR 100 II - Lubmaster\",\"isPartOf\":{\"@id\":\"https:\/\/www.lubmaster.com.br\/site\/#website\"},\"primaryImageOfPage\":{\"@id\":\"https:\/\/www.lubmaster.com.br\/site\/produto\/angar-100-ii\/#primaryimage\"},\"image\":{\"@id\":\"https:\/\/www.lubmaster.com.br\/site\/produto\/angar-100-ii\/#primaryimage\"},\"thumbnailUrl\":\"https:\/\/www.lubmaster.com.br\/site\/wp-content\/uploads\/2024\/05\/COMPRESSOR.jpg\",\"datePublished\":\"2024-05-10T17:06:09+00:00\",\"dateModified\":\"2024-05-23T23:28:45+00:00\",\"breadcrumb\":{\"@id\":\"https:\/\/www.lubmaster.com.br\/site\/produto\/angar-100-ii\/#breadcrumb\"},\"inLanguage\":\"pt-BR\",\"potentialAction\":[{\"@type\":\"ReadAction\",\"target\":[\"https:\/\/www.lubmaster.com.br\/site\/produto\/angar-100-ii\/\"]}]},{\"@type\":\"ImageObject\",\"inLanguage\":\"pt-BR\",\"@id\":\"https:\/\/www.lubmaster.com.br\/site\/produto\/angar-100-ii\/#primaryimage\",\"url\":\"https:\/\/www.lubmaster.com.br\/site\/wp-content\/uploads\/2024\/05\/COMPRESSOR.jpg\",\"contentUrl\":\"https:\/\/www.lubmaster.com.br\/site\/wp-content\/uploads\/2024\/05\/COMPRESSOR.jpg\",\"width\":708,\"height\":714},{\"@type\":\"BreadcrumbList\",\"@id\":\"https:\/\/www.lubmaster.com.br\/site\/produto\/angar-100-ii\/#breadcrumb\",\"itemListElement\":[{\"@type\":\"ListItem\",\"position\":1,\"name\":\"In\u00edcio\",\"item\":\"https:\/\/www.lubmaster.com.br\/site\/\"},{\"@type\":\"ListItem\",\"position\":2,\"name\":\"Loja\",\"item\":\"https:\/\/www.lubmaster.com.br\/site\/loja\/\"},{\"@type\":\"ListItem\",\"position\":3,\"name\":\"ANGAR 100 II\"}]},{\"@type\":\"WebSite\",\"@id\":\"https:\/\/www.lubmaster.com.br\/site\/#website\",\"url\":\"https:\/\/www.lubmaster.com.br\/site\/\",\"name\":\"Lubmaster\",\"description\":\"\",\"publisher\":{\"@id\":\"https:\/\/www.lubmaster.com.br\/site\/#organization\"},\"alternateName\":\"Refer\u00eancia em lubrificantes industriais\",\"potentialAction\":[{\"@type\":\"SearchAction\",\"target\":{\"@type\":\"EntryPoint\",\"urlTemplate\":\"https:\/\/www.lubmaster.com.br\/site\/?s={search_term_string}\"},\"query-input\":{\"@type\":\"PropertyValueSpecification\",\"valueRequired\":true,\"valueName\":\"search_term_string\"}}],\"inLanguage\":\"pt-BR\"},{\"@type\":\"Organization\",\"@id\":\"https:\/\/www.lubmaster.com.br\/site\/#organization\",\"name\":\"Lubmaster\",\"alternateName\":\"Refer\u00eancia em lubrificantes industriais\",\"url\":\"https:\/\/www.lubmaster.com.br\/site\/\",\"logo\":{\"@type\":\"ImageObject\",\"inLanguage\":\"pt-BR\",\"@id\":\"https:\/\/www.lubmaster.com.br\/site\/#\/schema\/logo\/image\/\",\"url\":\"https:\/\/www.lubmaster.com.br\/site\/wp-content\/uploads\/2024\/05\/cropped-favicon.png\",\"contentUrl\":\"https:\/\/www.lubmaster.com.br\/site\/wp-content\/uploads\/2024\/05\/cropped-favicon.png\",\"width\":512,\"height\":512,\"caption\":\"Lubmaster\"},\"image\":{\"@id\":\"https:\/\/www.lubmaster.com.br\/site\/#\/schema\/logo\/image\/\"},\"sameAs\":[\"https:\/\/www.linkedin.com\/company\/lubmaster-produtos-especiais-ltda.\/posts\/?feedView=all\",\"https:\/\/www.instagram.com\/lubmaster.lubrificantes\/\"]}]}<\/script>\n<!-- \/ Yoast SEO plugin. -->","yoast_head_json":{"title":"ANGAR 100 II - Lubmaster","robots":{"index":"index","follow":"follow","max-snippet":"max-snippet:-1","max-image-preview":"max-image-preview:large","max-video-preview":"max-video-preview:-1"},"canonical":"https:\/\/www.lubmaster.com.br\/site\/produto\/angar-100-ii\/","og_locale":"pt_BR","og_type":"article","og_title":"ANGAR 100 II - Lubmaster","og_description":"LUBRIFICANTE DE BASE MINERAL ANGAR 100 II \u00e9 lubrificantes de primeir\u00edssima qualidade, fabricados \u00e0 partir de lubrificantes b\u00e1sicos altamente selecionados, aos quais s\u00e3o incorporados tratamento espec\u00edficos para redu\u00e7\u00e3o de oxida\u00e7\u00e3o e espuma. S\u00e3o especialmente indicados para serem usados em sistemas de v\u00e1cuo, compressores, barramentos, sistemas circulat\u00f3rios e v\u00e1rios tipos de maquinaria industrial. (verificar a compatibilidade [&hellip;]","og_url":"https:\/\/www.lubmaster.com.br\/site\/produto\/angar-100-ii\/","og_site_name":"Lubmaster","article_modified_time":"2024-05-23T23:28:45+00:00","og_image":[{"width":708,"height":714,"url":"https:\/\/www.lubmaster.com.br\/site\/wp-content\/uploads\/2024\/05\/COMPRESSOR.jpg","type":"image\/jpeg"}],"twitter_card":"summary_large_image","schema":{"@context":"https:\/\/schema.org","@graph":[{"@type":"WebPage","@id":"https:\/\/www.lubmaster.com.br\/site\/produto\/angar-100-ii\/","url":"https:\/\/www.lubmaster.com.br\/site\/produto\/angar-100-ii\/","name":"ANGAR 100 II - Lubmaster","isPartOf":{"@id":"https:\/\/www.lubmaster.com.br\/site\/#website"},"primaryImageOfPage":{"@id":"https:\/\/www.lubmaster.com.br\/site\/produto\/angar-100-ii\/#primaryimage"},"image":{"@id":"https:\/\/www.lubmaster.com.br\/site\/produto\/angar-100-ii\/#primaryimage"},"thumbnailUrl":"https:\/\/www.lubmaster.com.br\/site\/wp-content\/uploads\/2024\/05\/COMPRESSOR.jpg","datePublished":"2024-05-10T17:06:09+00:00","dateModified":"2024-05-23T23:28:45+00:00","breadcrumb":{"@id":"https:\/\/www.lubmaster.com.br\/site\/produto\/angar-100-ii\/#breadcrumb"},"inLanguage":"pt-BR","potentialAction":[{"@type":"ReadAction","target":["https:\/\/www.lubmaster.com.br\/site\/produto\/angar-100-ii\/"]}]},{"@type":"ImageObject","inLanguage":"pt-BR","@id":"https:\/\/www.lubmaster.com.br\/site\/produto\/angar-100-ii\/#primaryimage","url":"https:\/\/www.lubmaster.com.br\/site\/wp-content\/uploads\/2024\/05\/COMPRESSOR.jpg","contentUrl":"https:\/\/www.lubmaster.com.br\/site\/wp-content\/uploads\/2024\/05\/COMPRESSOR.jpg","width":708,"height":714},{"@type":"BreadcrumbList","@id":"https:\/\/www.lubmaster.com.br\/site\/produto\/angar-100-ii\/#breadcrumb","itemListElement":[{"@type":"ListItem","position":1,"name":"In\u00edcio","item":"https:\/\/www.lubmaster.com.br\/site\/"},{"@type":"ListItem","position":2,"name":"Loja","item":"https:\/\/www.lubmaster.com.br\/site\/loja\/"},{"@type":"ListItem","position":3,"name":"ANGAR 100 II"}]},{"@type":"WebSite","@id":"https:\/\/www.lubmaster.com.br\/site\/#website","url":"https:\/\/www.lubmaster.com.br\/site\/","name":"Lubmaster","description":"","publisher":{"@id":"https:\/\/www.lubmaster.com.br\/site\/#organization"},"alternateName":"Refer\u00eancia em lubrificantes industriais","potentialAction":[{"@type":"SearchAction","target":{"@type":"EntryPoint","urlTemplate":"https:\/\/www.lubmaster.com.br\/site\/?s={search_term_string}"},"query-input":{"@type":"PropertyValueSpecification","valueRequired":true,"valueName":"search_term_string"}}],"inLanguage":"pt-BR"},{"@type":"Organization","@id":"https:\/\/www.lubmaster.com.br\/site\/#organization","name":"Lubmaster","alternateName":"Refer\u00eancia em lubrificantes industriais","url":"https:\/\/www.lubmaster.com.br\/site\/","logo":{"@type":"ImageObject","inLanguage":"pt-BR","@id":"https:\/\/www.lubmaster.com.br\/site\/#\/schema\/logo\/image\/","url":"https:\/\/www.lubmaster.com.br\/site\/wp-content\/uploads\/2024\/05\/cropped-favicon.png","contentUrl":"https:\/\/www.lubmaster.com.br\/site\/wp-content\/uploads\/2024\/05\/cropped-favicon.png","width":512,"height":512,"caption":"Lubmaster"},"image":{"@id":"https:\/\/www.lubmaster.com.br\/site\/#\/schema\/logo\/image\/"},"sameAs":["https:\/\/www.linkedin.com\/company\/lubmaster-produtos-especiais-ltda.\/posts\/?feedView=all","https:\/\/www.instagram.com\/lubmaster.lubrificantes\/"]}]}},"_links":{"self":[{"href":"https:\/\/www.lubmaster.com.br\/site\/wp-json\/wp\/v2\/product\/986","targetHints":{"allow":["GET"]}}],"collection":[{"href":"https:\/\/www.lubmaster.com.br\/site\/wp-json\/wp\/v2\/product"}],"about":[{"href":"https:\/\/www.lubmaster.com.br\/site\/wp-json\/wp\/v2\/types\/product"}],"replies":[{"embeddable":true,"href":"https:\/\/www.lubmaster.com.br\/site\/wp-json\/wp\/v2\/comments?post=986"}],"wp:featuredmedia":[{"embeddable":true,"href":"https:\/\/www.lubmaster.com.br\/site\/wp-json\/wp\/v2\/media\/1090"}],"wp:attachment":[{"href":"https:\/\/www.lubmaster.com.br\/site\/wp-json\/wp\/v2\/media?parent=986"}],"wp:term":[{"taxonomy":"product_brand","embeddable":true,"href":"https:\/\/www.lubmaster.com.br\/site\/wp-json\/wp\/v2\/product_brand?post=986"},{"taxonomy":"product_cat","embeddable":true,"href":"https:\/\/www.lubmaster.com.br\/site\/wp-json\/wp\/v2\/product_cat?post=986"},{"taxonomy":"product_tag","embeddable":true,"href":"https:\/\/www.lubmaster.com.br\/site\/wp-json\/wp\/v2\/product_tag?post=986"}],"curies":[{"name":"wp","href":"https:\/\/api.w.org\/{rel}","templated":true}]}}